{"id":2960,"date":"2019-10-11T08:29:58","date_gmt":"2019-10-11T06:29:58","guid":{"rendered":"https:\/\/sepp-jeux.fr\/jeux\/uncategorized\/my-little-farm\/"},"modified":"2022-03-13T15:50:04","modified_gmt":"2022-03-13T14:50:04","slug":"my-little-farm","status":"publish","type":"product","link":"https:\/\/sepp-jeux.fr\/en\/games\/general-public\/mosajeux-en\/my-little-farm\/","title":{"rendered":"My little farm"},"content":{"rendered":"<ul>\n<li>Size of the box 240 x 210 x 40 mm<\/li>\n<li>32 magnetic counters &#8211; Size 33 x 33 mm<\/li>\n<li>6 examples and instructions for the game &#8211; Size 182 x 182 mm<\/li>\n<li>1 magnetic board &#8211; Size 182 x 182 mm<\/li>\n<\/ul>\n","protected":false},"excerpt":{"rendered":"<p>Mr Pig rolls in the mud, Mother Hen cuddles her chicks and the farmer ploughs his fields&#8230; Things are happening down on the farm!<\/p>\n","protected":false},"featured_media":2276,"template":"","meta":[],"product_brand":[],"product_cat":[218,228],"product_tag":[290,289,284,280,278,285,279],"age":[350,258,261],"player":[],"class_list":{"0":"post-2960","1":"product","2":"type-product","3":"status-publish","4":"has-post-thumbnail","6":"product_cat-general-public","7":"product_cat-mosajeux-en","8":"product_tag-countryside","9":"product_tag-creative","10":"product_tag-made-in-france","11":"product_tag-magnetic","12":"product_tag-mosajeux-en","13":"product_tag-mosaic","14":"product_tag-sepp-jeux-en","15":"age-3-year-olds-en","16":"age-4-year-olds","17":"age-5-year-olds","19":"first","20":"instock","21":"sold-individually","22":"shipping-taxable","23":"purchasable","24":"product-type-simple"},"yoast_head":"<!-- This site is optimized with the Yoast SEO plugin v27.4 - https:\/\/yoast.com\/product\/yoast-seo-wordpress\/ -->\n<title>My little farm &#8211; SEPP Jeux &#8211; \u00c9diteur et fabricant fran\u00e7ais de jeux magn\u00e9tiques et tableaux m\u00e9talliques<\/title>\n<meta name=\"description\" content=\"Mr Pig rolls in the mud, Mother Hen cuddles her chicks and the farmer ploughs his fields... Things are happening down on the farm!\" \/>\n<meta name=\"robots\" content=\"index, follow, max-snippet:-1, max-image-preview:large, max-video-preview:-1\" \/>\n<link rel=\"canonical\" href=\"https:\/\/sepp-jeux.fr\/en\/games\/general-public\/mosajeux-en\/my-little-farm\/\" \/>\n<meta property=\"og:locale\" content=\"en_US\" \/>\n<meta property=\"og:type\" content=\"article\" \/>\n<meta property=\"og:title\" content=\"My little farm &#8211; SEPP Jeux &#8211; \u00c9diteur et fabricant fran\u00e7ais de jeux magn\u00e9tiques et tableaux m\u00e9talliques\" \/>\n<meta property=\"og:description\" content=\"Mr Pig rolls in the mud, Mother Hen cuddles her chicks and the farmer ploughs his fields... Things are happening down on the farm!\" \/>\n<meta property=\"og:url\" content=\"https:\/\/sepp-jeux.fr\/en\/games\/general-public\/mosajeux-en\/my-little-farm\/\" \/>\n<meta property=\"og:site_name\" content=\"SEPP Jeux\" \/>\n<meta property=\"article:publisher\" content=\"https:\/\/www.facebook.com\/SEPPJeux\/\" \/>\n<meta property=\"article:modified_time\" content=\"2022-03-13T14:50:04+00:00\" \/>\n<meta property=\"og:image\" content=\"https:\/\/sepp-jeux.fr\/wp-content\/uploads\/2019\/10\/mosajeux_ma-pte-ferme-vertical.jpg\" \/>\n\t<meta property=\"og:image:width\" content=\"418\" \/>\n\t<meta property=\"og:image:height\" content=\"443\" \/>\n\t<meta property=\"og:image:type\" content=\"image\/jpeg\" \/>\n<meta name=\"twitter:card\" content=\"summary_large_image\" \/>\n<script type=\"application\/ld+json\" class=\"yoast-schema-graph\">{\"@context\":\"https:\\\/\\\/schema.org\",\"@graph\":[{\"@type\":\"WebPage\",\"@id\":\"https:\\\/\\\/sepp-jeux.fr\\\/en\\\/games\\\/general-public\\\/mosajeux-en\\\/my-little-farm\\\/\",\"url\":\"https:\\\/\\\/sepp-jeux.fr\\\/en\\\/games\\\/general-public\\\/mosajeux-en\\\/my-little-farm\\\/\",\"name\":\"My little farm &#8211; SEPP Jeux &#8211; \u00c9diteur et fabricant fran\u00e7ais de jeux magn\u00e9tiques et tableaux m\u00e9talliques\",\"isPartOf\":{\"@id\":\"https:\\\/\\\/sepp-jeux.fr\\\/en\\\/#website\"},\"primaryImageOfPage\":{\"@id\":\"https:\\\/\\\/sepp-jeux.fr\\\/en\\\/games\\\/general-public\\\/mosajeux-en\\\/my-little-farm\\\/#primaryimage\"},\"image\":{\"@id\":\"https:\\\/\\\/sepp-jeux.fr\\\/en\\\/games\\\/general-public\\\/mosajeux-en\\\/my-little-farm\\\/#primaryimage\"},\"thumbnailUrl\":\"https:\\\/\\\/sepp-jeux.fr\\\/wp-content\\\/uploads\\\/2019\\\/10\\\/mosajeux_ma-pte-ferme-vertical.jpg\",\"datePublished\":\"2019-10-11T06:29:58+00:00\",\"dateModified\":\"2022-03-13T14:50:04+00:00\",\"description\":\"Mr Pig rolls in the mud, Mother Hen cuddles her chicks and the farmer ploughs his fields... Things are happening down on the farm!\",\"breadcrumb\":{\"@id\":\"https:\\\/\\\/sepp-jeux.fr\\\/en\\\/games\\\/general-public\\\/mosajeux-en\\\/my-little-farm\\\/#breadcrumb\"},\"inLanguage\":\"en-US\",\"potentialAction\":[{\"@type\":\"ReadAction\",\"target\":[\"https:\\\/\\\/sepp-jeux.fr\\\/en\\\/games\\\/general-public\\\/mosajeux-en\\\/my-little-farm\\\/\"]}]},{\"@type\":\"ImageObject\",\"inLanguage\":\"en-US\",\"@id\":\"https:\\\/\\\/sepp-jeux.fr\\\/en\\\/games\\\/general-public\\\/mosajeux-en\\\/my-little-farm\\\/#primaryimage\",\"url\":\"https:\\\/\\\/sepp-jeux.fr\\\/wp-content\\\/uploads\\\/2019\\\/10\\\/mosajeux_ma-pte-ferme-vertical.jpg\",\"contentUrl\":\"https:\\\/\\\/sepp-jeux.fr\\\/wp-content\\\/uploads\\\/2019\\\/10\\\/mosajeux_ma-pte-ferme-vertical.jpg\",\"width\":418,\"height\":443,\"caption\":\"Ma petite ferme\"},{\"@type\":\"BreadcrumbList\",\"@id\":\"https:\\\/\\\/sepp-jeux.fr\\\/en\\\/games\\\/general-public\\\/mosajeux-en\\\/my-little-farm\\\/#breadcrumb\",\"itemListElement\":[{\"@type\":\"ListItem\",\"position\":1,\"name\":\"Accueil\",\"item\":\"https:\\\/\\\/sepp-jeux.fr\\\/en\\\/\"},{\"@type\":\"ListItem\",\"position\":2,\"name\":\"Tous nos jeux\",\"item\":\"https:\\\/\\\/sepp-jeux.fr\\\/nos-produits\\\/tous-nos-jeux\\\/\"},{\"@type\":\"ListItem\",\"position\":3,\"name\":\"General public\",\"item\":\"https:\\\/\\\/sepp-jeux.fr\\\/en\\\/line\\\/general-public\\\/\"},{\"@type\":\"ListItem\",\"position\":4,\"name\":\"Mosa'Jeux\",\"item\":\"https:\\\/\\\/sepp-jeux.fr\\\/en\\\/line\\\/general-public\\\/mosajeux-en\\\/\"},{\"@type\":\"ListItem\",\"position\":5,\"name\":\"My little farm\"}]},{\"@type\":\"WebSite\",\"@id\":\"https:\\\/\\\/sepp-jeux.fr\\\/en\\\/#website\",\"url\":\"https:\\\/\\\/sepp-jeux.fr\\\/en\\\/\",\"name\":\"SEPP Jeux\",\"description\":\"\u00c9diteur et fabricant fran\u00e7ais de jeux magn\u00e9tiques et tableaux m\u00e9talliques\",\"publisher\":{\"@id\":\"https:\\\/\\\/sepp-jeux.fr\\\/en\\\/#organization\"},\"potentialAction\":[{\"@type\":\"SearchAction\",\"target\":{\"@type\":\"EntryPoint\",\"urlTemplate\":\"https:\\\/\\\/sepp-jeux.fr\\\/en\\\/?s={search_term_string}\"},\"query-input\":{\"@type\":\"PropertyValueSpecification\",\"valueRequired\":true,\"valueName\":\"search_term_string\"}}],\"inLanguage\":\"en-US\"},{\"@type\":\"Organization\",\"@id\":\"https:\\\/\\\/sepp-jeux.fr\\\/en\\\/#organization\",\"name\":\"SEPP Jeux\",\"url\":\"https:\\\/\\\/sepp-jeux.fr\\\/en\\\/\",\"logo\":{\"@type\":\"ImageObject\",\"inLanguage\":\"en-US\",\"@id\":\"https:\\\/\\\/sepp-jeux.fr\\\/en\\\/#\\\/schema\\\/logo\\\/image\\\/\",\"url\":\"https:\\\/\\\/sepp-jeux.fr\\\/wp-content\\\/uploads\\\/2020\\\/03\\\/Logotype_Couleurs.png\",\"contentUrl\":\"https:\\\/\\\/sepp-jeux.fr\\\/wp-content\\\/uploads\\\/2020\\\/03\\\/Logotype_Couleurs.png\",\"width\":3126,\"height\":3125,\"caption\":\"SEPP Jeux\"},\"image\":{\"@id\":\"https:\\\/\\\/sepp-jeux.fr\\\/en\\\/#\\\/schema\\\/logo\\\/image\\\/\"},\"sameAs\":[\"https:\\\/\\\/www.facebook.com\\\/SEPPJeux\\\/\",\"https:\\\/\\\/www.instagram.com\\\/seppjeux\",\"https:\\\/\\\/www.linkedin.com\\\/company\\\/sepp-inc\\\/\",\"https:\\\/\\\/www.youtube.com\\\/channel\\\/UCU-BolRtw4LBnzZz_Jd6UYQ\"]}]}<\/script>\n<!-- \/ Yoast SEO plugin. -->","yoast_head_json":{"title":"My little farm &#8211; SEPP Jeux &#8211; \u00c9diteur et fabricant fran\u00e7ais de jeux magn\u00e9tiques et tableaux m\u00e9talliques","description":"Mr Pig rolls in the mud, Mother Hen cuddles her chicks and the farmer ploughs his fields... Things are happening down on the farm!","robots":{"index":"index","follow":"follow","max-snippet":"max-snippet:-1","max-image-preview":"max-image-preview:large","max-video-preview":"max-video-preview:-1"},"canonical":"https:\/\/sepp-jeux.fr\/en\/games\/general-public\/mosajeux-en\/my-little-farm\/","og_locale":"en_US","og_type":"article","og_title":"My little farm &#8211; SEPP Jeux &#8211; \u00c9diteur et fabricant fran\u00e7ais de jeux magn\u00e9tiques et tableaux m\u00e9talliques","og_description":"Mr Pig rolls in the mud, Mother Hen cuddles her chicks and the farmer ploughs his fields... Things are happening down on the farm!","og_url":"https:\/\/sepp-jeux.fr\/en\/games\/general-public\/mosajeux-en\/my-little-farm\/","og_site_name":"SEPP Jeux","article_publisher":"https:\/\/www.facebook.com\/SEPPJeux\/","article_modified_time":"2022-03-13T14:50:04+00:00","og_image":[{"width":418,"height":443,"url":"https:\/\/sepp-jeux.fr\/wp-content\/uploads\/2019\/10\/mosajeux_ma-pte-ferme-vertical.jpg","type":"image\/jpeg"}],"twitter_card":"summary_large_image","schema":{"@context":"https:\/\/schema.org","@graph":[{"@type":"WebPage","@id":"https:\/\/sepp-jeux.fr\/en\/games\/general-public\/mosajeux-en\/my-little-farm\/","url":"https:\/\/sepp-jeux.fr\/en\/games\/general-public\/mosajeux-en\/my-little-farm\/","name":"My little farm &#8211; SEPP Jeux &#8211; \u00c9diteur et fabricant fran\u00e7ais de jeux magn\u00e9tiques et tableaux m\u00e9talliques","isPartOf":{"@id":"https:\/\/sepp-jeux.fr\/en\/#website"},"primaryImageOfPage":{"@id":"https:\/\/sepp-jeux.fr\/en\/games\/general-public\/mosajeux-en\/my-little-farm\/#primaryimage"},"image":{"@id":"https:\/\/sepp-jeux.fr\/en\/games\/general-public\/mosajeux-en\/my-little-farm\/#primaryimage"},"thumbnailUrl":"https:\/\/sepp-jeux.fr\/wp-content\/uploads\/2019\/10\/mosajeux_ma-pte-ferme-vertical.jpg","datePublished":"2019-10-11T06:29:58+00:00","dateModified":"2022-03-13T14:50:04+00:00","description":"Mr Pig rolls in the mud, Mother Hen cuddles her chicks and the farmer ploughs his fields... Things are happening down on the farm!","breadcrumb":{"@id":"https:\/\/sepp-jeux.fr\/en\/games\/general-public\/mosajeux-en\/my-little-farm\/#breadcrumb"},"inLanguage":"en-US","potentialAction":[{"@type":"ReadAction","target":["https:\/\/sepp-jeux.fr\/en\/games\/general-public\/mosajeux-en\/my-little-farm\/"]}]},{"@type":"ImageObject","inLanguage":"en-US","@id":"https:\/\/sepp-jeux.fr\/en\/games\/general-public\/mosajeux-en\/my-little-farm\/#primaryimage","url":"https:\/\/sepp-jeux.fr\/wp-content\/uploads\/2019\/10\/mosajeux_ma-pte-ferme-vertical.jpg","contentUrl":"https:\/\/sepp-jeux.fr\/wp-content\/uploads\/2019\/10\/mosajeux_ma-pte-ferme-vertical.jpg","width":418,"height":443,"caption":"Ma petite ferme"},{"@type":"BreadcrumbList","@id":"https:\/\/sepp-jeux.fr\/en\/games\/general-public\/mosajeux-en\/my-little-farm\/#breadcrumb","itemListElement":[{"@type":"ListItem","position":1,"name":"Accueil","item":"https:\/\/sepp-jeux.fr\/en\/"},{"@type":"ListItem","position":2,"name":"Tous nos jeux","item":"https:\/\/sepp-jeux.fr\/nos-produits\/tous-nos-jeux\/"},{"@type":"ListItem","position":3,"name":"General public","item":"https:\/\/sepp-jeux.fr\/en\/line\/general-public\/"},{"@type":"ListItem","position":4,"name":"Mosa'Jeux","item":"https:\/\/sepp-jeux.fr\/en\/line\/general-public\/mosajeux-en\/"},{"@type":"ListItem","position":5,"name":"My little farm"}]},{"@type":"WebSite","@id":"https:\/\/sepp-jeux.fr\/en\/#website","url":"https:\/\/sepp-jeux.fr\/en\/","name":"SEPP Jeux","description":"\u00c9diteur et fabricant fran\u00e7ais de jeux magn\u00e9tiques et tableaux m\u00e9talliques","publisher":{"@id":"https:\/\/sepp-jeux.fr\/en\/#organization"},"potentialAction":[{"@type":"SearchAction","target":{"@type":"EntryPoint","urlTemplate":"https:\/\/sepp-jeux.fr\/en\/?s={search_term_string}"},"query-input":{"@type":"PropertyValueSpecification","valueRequired":true,"valueName":"search_term_string"}}],"inLanguage":"en-US"},{"@type":"Organization","@id":"https:\/\/sepp-jeux.fr\/en\/#organization","name":"SEPP Jeux","url":"https:\/\/sepp-jeux.fr\/en\/","logo":{"@type":"ImageObject","inLanguage":"en-US","@id":"https:\/\/sepp-jeux.fr\/en\/#\/schema\/logo\/image\/","url":"https:\/\/sepp-jeux.fr\/wp-content\/uploads\/2020\/03\/Logotype_Couleurs.png","contentUrl":"https:\/\/sepp-jeux.fr\/wp-content\/uploads\/2020\/03\/Logotype_Couleurs.png","width":3126,"height":3125,"caption":"SEPP Jeux"},"image":{"@id":"https:\/\/sepp-jeux.fr\/en\/#\/schema\/logo\/image\/"},"sameAs":["https:\/\/www.facebook.com\/SEPPJeux\/","https:\/\/www.instagram.com\/seppjeux","https:\/\/www.linkedin.com\/company\/sepp-inc\/","https:\/\/www.youtube.com\/channel\/UCU-BolRtw4LBnzZz_Jd6UYQ"]}]}},"_links":{"self":[{"href":"https:\/\/sepp-jeux.fr\/en\/wp-json\/wp\/v2\/product\/2960","targetHints":{"allow":["GET"]}}],"collection":[{"href":"https:\/\/sepp-jeux.fr\/en\/wp-json\/wp\/v2\/product"}],"about":[{"href":"https:\/\/sepp-jeux.fr\/en\/wp-json\/wp\/v2\/types\/product"}],"version-history":[{"count":1,"href":"https:\/\/sepp-jeux.fr\/en\/wp-json\/wp\/v2\/product\/2960\/revisions"}],"predecessor-version":[{"id":2962,"href":"https:\/\/sepp-jeux.fr\/en\/wp-json\/wp\/v2\/product\/2960\/revisions\/2962"}],"wp:featuredmedia":[{"embeddable":true,"href":"https:\/\/sepp-jeux.fr\/en\/wp-json\/wp\/v2\/media\/2276"}],"wp:attachment":[{"href":"https:\/\/sepp-jeux.fr\/en\/wp-json\/wp\/v2\/media?parent=2960"}],"wp:term":[{"taxonomy":"product_brand","embeddable":true,"href":"https:\/\/sepp-jeux.fr\/en\/wp-json\/wp\/v2\/product_brand?post=2960"},{"taxonomy":"product_cat","embeddable":true,"href":"https:\/\/sepp-jeux.fr\/en\/wp-json\/wp\/v2\/product_cat?post=2960"},{"taxonomy":"product_tag","embeddable":true,"href":"https:\/\/sepp-jeux.fr\/en\/wp-json\/wp\/v2\/product_tag?post=2960"},{"taxonomy":"age","embeddable":true,"href":"https:\/\/sepp-jeux.fr\/en\/wp-json\/wp\/v2\/age?post=2960"},{"taxonomy":"player","embeddable":true,"href":"https:\/\/sepp-jeux.fr\/en\/wp-json\/wp\/v2\/player?post=2960"}],"curies":[{"name":"wp","href":"https:\/\/api.w.org\/{rel}","templated":true}]}}