{"id":2963,"date":"2022-01-18T10:41:34","date_gmt":"2022-01-18T09:41:34","guid":{"rendered":"https:\/\/sepp-jeux.fr\/jeux\/uncategorized\/iotobo-mandala-en\/"},"modified":"2022-03-21T14:16:46","modified_gmt":"2022-03-21T13:16:46","slug":"iotobo-mandala-en","status":"publish","type":"product","link":"https:\/\/sepp-jeux.fr\/en\/games\/general-public\/iotobo-classic-en\/iotobo-mandala-en\/","title":{"rendered":"iOTOBO Mandala"},"content":{"rendered":"<ul>\n<li>1 Magnetic board<\/li>\n<li>15 Play scenes<\/li>\n<li>60 foam magnets<\/li>\n<li>Size: 35 mm. 3 colours<\/li>\n<\/ul>\n","protected":false},"excerpt":{"rendered":"<p>Mandala is a word of Tibetan origin that means &#8220;circle&#8221;.<br \/>\nThe iOTOBO Mandalas stimulate your imagination, concentration and accuracy and invite you to design your own creations at any age.<br \/>\nThe colours of the numbers show you the colours of the magnets to use.<\/p>\n","protected":false},"featured_media":2901,"template":"","meta":[],"product_brand":[],"product_cat":[218,224],"product_tag":[298,289,283,297,294,281,299,295,300,296,279],"age":[258,261,265,264],"player":[376],"class_list":{"0":"post-2963","1":"product","2":"type-product","3":"status-publish","4":"has-post-thumbnail","6":"product_cat-general-public","7":"product_cat-iotobo-classic-en","8":"product_tag-child","9":"product_tag-creative","10":"product_tag-creativity","11":"product_tag-graphism","12":"product_tag-iotobo-en","13":"product_tag-learning","14":"product_tag-made-in-france-en","15":"product_tag-magnetic-game","16":"product_tag-mandala-en","17":"product_tag-mosaic-game","18":"product_tag-sepp-jeux-en","19":"age-4-year-olds","20":"age-5-year-olds","21":"age-6-year-olds","22":"age-7-year-olds","23":"player-1-player","25":"first","26":"instock","27":"sold-individually","28":"shipping-taxable","29":"product-type-simple"},"yoast_head":"<!-- This site is optimized with the Yoast SEO plugin v27.5 - https:\/\/yoast.com\/product\/yoast-seo-wordpress\/ -->\n<title>iOTOBO Mandala &#8211; SEPP Jeux &#8211; \u00c9diteur et fabricant fran\u00e7ais de jeux magn\u00e9tiques et tableaux m\u00e9talliques<\/title>\n<meta name=\"description\" content=\"iOTOBO Mandala: a magnetic game to develop everyone&#039;s creativity! 3 shapes for an infinity of combinations!\" \/>\n<meta name=\"robots\" content=\"index, follow, max-snippet:-1, max-image-preview:large, max-video-preview:-1\" \/>\n<link rel=\"canonical\" href=\"https:\/\/sepp-jeux.fr\/en\/games\/general-public\/iotobo-classic-en\/iotobo-mandala-en\/\" \/>\n<meta property=\"og:locale\" content=\"en_US\" \/>\n<meta property=\"og:type\" content=\"article\" \/>\n<meta property=\"og:title\" content=\"iOTOBO Mandala &#8211; SEPP Jeux &#8211; \u00c9diteur et fabricant fran\u00e7ais de jeux magn\u00e9tiques et tableaux m\u00e9talliques\" \/>\n<meta property=\"og:description\" content=\"iOTOBO Mandala: a magnetic game to develop everyone&#039;s creativity! 3 shapes for an infinity of combinations!\" \/>\n<meta property=\"og:url\" content=\"https:\/\/sepp-jeux.fr\/en\/games\/general-public\/iotobo-classic-en\/iotobo-mandala-en\/\" \/>\n<meta property=\"og:site_name\" content=\"SEPP Jeux\" \/>\n<meta property=\"article:publisher\" content=\"https:\/\/www.facebook.com\/SEPPJeux\/\" \/>\n<meta property=\"article:modified_time\" content=\"2022-03-21T13:16:46+00:00\" \/>\n<meta property=\"og:image\" content=\"https:\/\/sepp-jeux.fr\/wp-content\/uploads\/2022\/01\/itb-MDL-montage-boite-contenu.png\" \/>\n\t<meta property=\"og:image:width\" content=\"842\" \/>\n\t<meta property=\"og:image:height\" content=\"595\" \/>\n\t<meta property=\"og:image:type\" content=\"image\/png\" \/>\n<meta name=\"twitter:card\" content=\"summary_large_image\" \/>\n<script type=\"application\/ld+json\" class=\"yoast-schema-graph\">{\"@context\":\"https:\\\/\\\/schema.org\",\"@graph\":[{\"@type\":\"WebPage\",\"@id\":\"https:\\\/\\\/sepp-jeux.fr\\\/en\\\/games\\\/general-public\\\/iotobo-classic-en\\\/iotobo-mandala-en\\\/\",\"url\":\"https:\\\/\\\/sepp-jeux.fr\\\/en\\\/games\\\/general-public\\\/iotobo-classic-en\\\/iotobo-mandala-en\\\/\",\"name\":\"iOTOBO Mandala &#8211; SEPP Jeux &#8211; \u00c9diteur et fabricant fran\u00e7ais de jeux magn\u00e9tiques et tableaux m\u00e9talliques\",\"isPartOf\":{\"@id\":\"https:\\\/\\\/sepp-jeux.fr\\\/en\\\/#website\"},\"primaryImageOfPage\":{\"@id\":\"https:\\\/\\\/sepp-jeux.fr\\\/en\\\/games\\\/general-public\\\/iotobo-classic-en\\\/iotobo-mandala-en\\\/#primaryimage\"},\"image\":{\"@id\":\"https:\\\/\\\/sepp-jeux.fr\\\/en\\\/games\\\/general-public\\\/iotobo-classic-en\\\/iotobo-mandala-en\\\/#primaryimage\"},\"thumbnailUrl\":\"https:\\\/\\\/sepp-jeux.fr\\\/wp-content\\\/uploads\\\/2022\\\/01\\\/itb-MDL-montage-boite-contenu.png\",\"datePublished\":\"2022-01-18T09:41:34+00:00\",\"dateModified\":\"2022-03-21T13:16:46+00:00\",\"description\":\"iOTOBO Mandala: a magnetic game to develop everyone's creativity! 3 shapes for an infinity of combinations!\",\"breadcrumb\":{\"@id\":\"https:\\\/\\\/sepp-jeux.fr\\\/en\\\/games\\\/general-public\\\/iotobo-classic-en\\\/iotobo-mandala-en\\\/#breadcrumb\"},\"inLanguage\":\"en-US\",\"potentialAction\":[{\"@type\":\"ReadAction\",\"target\":[\"https:\\\/\\\/sepp-jeux.fr\\\/en\\\/games\\\/general-public\\\/iotobo-classic-en\\\/iotobo-mandala-en\\\/\"]}]},{\"@type\":\"ImageObject\",\"inLanguage\":\"en-US\",\"@id\":\"https:\\\/\\\/sepp-jeux.fr\\\/en\\\/games\\\/general-public\\\/iotobo-classic-en\\\/iotobo-mandala-en\\\/#primaryimage\",\"url\":\"https:\\\/\\\/sepp-jeux.fr\\\/wp-content\\\/uploads\\\/2022\\\/01\\\/itb-MDL-montage-boite-contenu.png\",\"contentUrl\":\"https:\\\/\\\/sepp-jeux.fr\\\/wp-content\\\/uploads\\\/2022\\\/01\\\/itb-MDL-montage-boite-contenu.png\",\"width\":842,\"height\":595},{\"@type\":\"BreadcrumbList\",\"@id\":\"https:\\\/\\\/sepp-jeux.fr\\\/en\\\/games\\\/general-public\\\/iotobo-classic-en\\\/iotobo-mandala-en\\\/#breadcrumb\",\"itemListElement\":[{\"@type\":\"ListItem\",\"position\":1,\"name\":\"Accueil\",\"item\":\"https:\\\/\\\/sepp-jeux.fr\\\/en\\\/\"},{\"@type\":\"ListItem\",\"position\":2,\"name\":\"Tous nos jeux\",\"item\":\"https:\\\/\\\/sepp-jeux.fr\\\/nos-produits\\\/tous-nos-jeux\\\/\"},{\"@type\":\"ListItem\",\"position\":3,\"name\":\"General public\",\"item\":\"https:\\\/\\\/sepp-jeux.fr\\\/en\\\/line\\\/general-public\\\/\"},{\"@type\":\"ListItem\",\"position\":4,\"name\":\"iOTOBO Classic\",\"item\":\"https:\\\/\\\/sepp-jeux.fr\\\/en\\\/line\\\/general-public\\\/iotobo-classic-en\\\/\"},{\"@type\":\"ListItem\",\"position\":5,\"name\":\"iOTOBO Mandala\"}]},{\"@type\":\"WebSite\",\"@id\":\"https:\\\/\\\/sepp-jeux.fr\\\/en\\\/#website\",\"url\":\"https:\\\/\\\/sepp-jeux.fr\\\/en\\\/\",\"name\":\"SEPP Jeux\",\"description\":\"\u00c9diteur et fabricant fran\u00e7ais de jeux magn\u00e9tiques et tableaux m\u00e9talliques\",\"publisher\":{\"@id\":\"https:\\\/\\\/sepp-jeux.fr\\\/en\\\/#organization\"},\"potentialAction\":[{\"@type\":\"SearchAction\",\"target\":{\"@type\":\"EntryPoint\",\"urlTemplate\":\"https:\\\/\\\/sepp-jeux.fr\\\/en\\\/?s={search_term_string}\"},\"query-input\":{\"@type\":\"PropertyValueSpecification\",\"valueRequired\":true,\"valueName\":\"search_term_string\"}}],\"inLanguage\":\"en-US\"},{\"@type\":\"Organization\",\"@id\":\"https:\\\/\\\/sepp-jeux.fr\\\/en\\\/#organization\",\"name\":\"SEPP Jeux\",\"url\":\"https:\\\/\\\/sepp-jeux.fr\\\/en\\\/\",\"logo\":{\"@type\":\"ImageObject\",\"inLanguage\":\"en-US\",\"@id\":\"https:\\\/\\\/sepp-jeux.fr\\\/en\\\/#\\\/schema\\\/logo\\\/image\\\/\",\"url\":\"https:\\\/\\\/sepp-jeux.fr\\\/wp-content\\\/uploads\\\/2020\\\/03\\\/Logotype_Couleurs.png\",\"contentUrl\":\"https:\\\/\\\/sepp-jeux.fr\\\/wp-content\\\/uploads\\\/2020\\\/03\\\/Logotype_Couleurs.png\",\"width\":3126,\"height\":3125,\"caption\":\"SEPP Jeux\"},\"image\":{\"@id\":\"https:\\\/\\\/sepp-jeux.fr\\\/en\\\/#\\\/schema\\\/logo\\\/image\\\/\"},\"sameAs\":[\"https:\\\/\\\/www.facebook.com\\\/SEPPJeux\\\/\",\"https:\\\/\\\/www.instagram.com\\\/seppjeux\",\"https:\\\/\\\/www.linkedin.com\\\/company\\\/sepp-inc\\\/\",\"https:\\\/\\\/www.youtube.com\\\/channel\\\/UCU-BolRtw4LBnzZz_Jd6UYQ\"]}]}<\/script>\n<!-- \/ Yoast SEO plugin. -->","yoast_head_json":{"title":"iOTOBO Mandala &#8211; SEPP Jeux &#8211; \u00c9diteur et fabricant fran\u00e7ais de jeux magn\u00e9tiques et tableaux m\u00e9talliques","description":"iOTOBO Mandala: a magnetic game to develop everyone's creativity! 3 shapes for an infinity of combinations!","robots":{"index":"index","follow":"follow","max-snippet":"max-snippet:-1","max-image-preview":"max-image-preview:large","max-video-preview":"max-video-preview:-1"},"canonical":"https:\/\/sepp-jeux.fr\/en\/games\/general-public\/iotobo-classic-en\/iotobo-mandala-en\/","og_locale":"en_US","og_type":"article","og_title":"iOTOBO Mandala &#8211; SEPP Jeux &#8211; \u00c9diteur et fabricant fran\u00e7ais de jeux magn\u00e9tiques et tableaux m\u00e9talliques","og_description":"iOTOBO Mandala: a magnetic game to develop everyone's creativity! 3 shapes for an infinity of combinations!","og_url":"https:\/\/sepp-jeux.fr\/en\/games\/general-public\/iotobo-classic-en\/iotobo-mandala-en\/","og_site_name":"SEPP Jeux","article_publisher":"https:\/\/www.facebook.com\/SEPPJeux\/","article_modified_time":"2022-03-21T13:16:46+00:00","og_image":[{"width":842,"height":595,"url":"https:\/\/sepp-jeux.fr\/wp-content\/uploads\/2022\/01\/itb-MDL-montage-boite-contenu.png","type":"image\/png"}],"twitter_card":"summary_large_image","schema":{"@context":"https:\/\/schema.org","@graph":[{"@type":"WebPage","@id":"https:\/\/sepp-jeux.fr\/en\/games\/general-public\/iotobo-classic-en\/iotobo-mandala-en\/","url":"https:\/\/sepp-jeux.fr\/en\/games\/general-public\/iotobo-classic-en\/iotobo-mandala-en\/","name":"iOTOBO Mandala &#8211; SEPP Jeux &#8211; \u00c9diteur et fabricant fran\u00e7ais de jeux magn\u00e9tiques et tableaux m\u00e9talliques","isPartOf":{"@id":"https:\/\/sepp-jeux.fr\/en\/#website"},"primaryImageOfPage":{"@id":"https:\/\/sepp-jeux.fr\/en\/games\/general-public\/iotobo-classic-en\/iotobo-mandala-en\/#primaryimage"},"image":{"@id":"https:\/\/sepp-jeux.fr\/en\/games\/general-public\/iotobo-classic-en\/iotobo-mandala-en\/#primaryimage"},"thumbnailUrl":"https:\/\/sepp-jeux.fr\/wp-content\/uploads\/2022\/01\/itb-MDL-montage-boite-contenu.png","datePublished":"2022-01-18T09:41:34+00:00","dateModified":"2022-03-21T13:16:46+00:00","description":"iOTOBO Mandala: a magnetic game to develop everyone's creativity! 3 shapes for an infinity of combinations!","breadcrumb":{"@id":"https:\/\/sepp-jeux.fr\/en\/games\/general-public\/iotobo-classic-en\/iotobo-mandala-en\/#breadcrumb"},"inLanguage":"en-US","potentialAction":[{"@type":"ReadAction","target":["https:\/\/sepp-jeux.fr\/en\/games\/general-public\/iotobo-classic-en\/iotobo-mandala-en\/"]}]},{"@type":"ImageObject","inLanguage":"en-US","@id":"https:\/\/sepp-jeux.fr\/en\/games\/general-public\/iotobo-classic-en\/iotobo-mandala-en\/#primaryimage","url":"https:\/\/sepp-jeux.fr\/wp-content\/uploads\/2022\/01\/itb-MDL-montage-boite-contenu.png","contentUrl":"https:\/\/sepp-jeux.fr\/wp-content\/uploads\/2022\/01\/itb-MDL-montage-boite-contenu.png","width":842,"height":595},{"@type":"BreadcrumbList","@id":"https:\/\/sepp-jeux.fr\/en\/games\/general-public\/iotobo-classic-en\/iotobo-mandala-en\/#breadcrumb","itemListElement":[{"@type":"ListItem","position":1,"name":"Accueil","item":"https:\/\/sepp-jeux.fr\/en\/"},{"@type":"ListItem","position":2,"name":"Tous nos jeux","item":"https:\/\/sepp-jeux.fr\/nos-produits\/tous-nos-jeux\/"},{"@type":"ListItem","position":3,"name":"General public","item":"https:\/\/sepp-jeux.fr\/en\/line\/general-public\/"},{"@type":"ListItem","position":4,"name":"iOTOBO Classic","item":"https:\/\/sepp-jeux.fr\/en\/line\/general-public\/iotobo-classic-en\/"},{"@type":"ListItem","position":5,"name":"iOTOBO Mandala"}]},{"@type":"WebSite","@id":"https:\/\/sepp-jeux.fr\/en\/#website","url":"https:\/\/sepp-jeux.fr\/en\/","name":"SEPP Jeux","description":"\u00c9diteur et fabricant fran\u00e7ais de jeux magn\u00e9tiques et tableaux m\u00e9talliques","publisher":{"@id":"https:\/\/sepp-jeux.fr\/en\/#organization"},"potentialAction":[{"@type":"SearchAction","target":{"@type":"EntryPoint","urlTemplate":"https:\/\/sepp-jeux.fr\/en\/?s={search_term_string}"},"query-input":{"@type":"PropertyValueSpecification","valueRequired":true,"valueName":"search_term_string"}}],"inLanguage":"en-US"},{"@type":"Organization","@id":"https:\/\/sepp-jeux.fr\/en\/#organization","name":"SEPP Jeux","url":"https:\/\/sepp-jeux.fr\/en\/","logo":{"@type":"ImageObject","inLanguage":"en-US","@id":"https:\/\/sepp-jeux.fr\/en\/#\/schema\/logo\/image\/","url":"https:\/\/sepp-jeux.fr\/wp-content\/uploads\/2020\/03\/Logotype_Couleurs.png","contentUrl":"https:\/\/sepp-jeux.fr\/wp-content\/uploads\/2020\/03\/Logotype_Couleurs.png","width":3126,"height":3125,"caption":"SEPP Jeux"},"image":{"@id":"https:\/\/sepp-jeux.fr\/en\/#\/schema\/logo\/image\/"},"sameAs":["https:\/\/www.facebook.com\/SEPPJeux\/","https:\/\/www.instagram.com\/seppjeux","https:\/\/www.linkedin.com\/company\/sepp-inc\/","https:\/\/www.youtube.com\/channel\/UCU-BolRtw4LBnzZz_Jd6UYQ"]}]}},"_links":{"self":[{"href":"https:\/\/sepp-jeux.fr\/en\/wp-json\/wp\/v2\/product\/2963","targetHints":{"allow":["GET"]}}],"collection":[{"href":"https:\/\/sepp-jeux.fr\/en\/wp-json\/wp\/v2\/product"}],"about":[{"href":"https:\/\/sepp-jeux.fr\/en\/wp-json\/wp\/v2\/types\/product"}],"version-history":[{"count":1,"href":"https:\/\/sepp-jeux.fr\/en\/wp-json\/wp\/v2\/product\/2963\/revisions"}],"predecessor-version":[{"id":3065,"href":"https:\/\/sepp-jeux.fr\/en\/wp-json\/wp\/v2\/product\/2963\/revisions\/3065"}],"wp:featuredmedia":[{"embeddable":true,"href":"https:\/\/sepp-jeux.fr\/en\/wp-json\/wp\/v2\/media\/2901"}],"wp:attachment":[{"href":"https:\/\/sepp-jeux.fr\/en\/wp-json\/wp\/v2\/media?parent=2963"}],"wp:term":[{"taxonomy":"product_brand","embeddable":true,"href":"https:\/\/sepp-jeux.fr\/en\/wp-json\/wp\/v2\/product_brand?post=2963"},{"taxonomy":"product_cat","embeddable":true,"href":"https:\/\/sepp-jeux.fr\/en\/wp-json\/wp\/v2\/product_cat?post=2963"},{"taxonomy":"product_tag","embeddable":true,"href":"https:\/\/sepp-jeux.fr\/en\/wp-json\/wp\/v2\/product_tag?post=2963"},{"taxonomy":"age","embeddable":true,"href":"https:\/\/sepp-jeux.fr\/en\/wp-json\/wp\/v2\/age?post=2963"},{"taxonomy":"player","embeddable":true,"href":"https:\/\/sepp-jeux.fr\/en\/wp-json\/wp\/v2\/player?post=2963"}],"curies":[{"name":"wp","href":"https:\/\/api.w.org\/{rel}","templated":true}]}}