{"id":2992,"date":"2014-09-02T19:07:33","date_gmt":"2014-09-02T17:07:33","guid":{"rendered":"https:\/\/sepp-jeux.fr\/jeux\/uncategorized\/patchwork\/"},"modified":"2022-03-14T09:28:26","modified_gmt":"2022-03-14T08:28:26","slug":"patchwork","status":"publish","type":"product","link":"https:\/\/sepp-jeux.fr\/en\/games\/school\/art-and-games\/patchwork\/","title":{"rendered":"Patchwork"},"content":{"rendered":"<ul>\n<li>1 metallic box. Size : 220 x 240 mm<\/li>\n<li>120 foam magnet pieces<\/li>\n<li>6 colours: Yellow &#8211; Red &#8211; Purple &#8211; Green &#8211; Sky Blue &#8211; Black<\/li>\n<li>1 booklet of examples (12 pages)<\/li>\n<\/ul>\n","protected":false},"excerpt":{"rendered":"<p>Thanks to this game, children can learn how to create patchwork patterns, an antique and current ornamental art from all around the world. Nowadays the best creators of this art are the USA, Scandinavia and Japan. Children become familiar with geometry thanks to this game.<\/p>\n","protected":false},"featured_media":2256,"template":"","meta":[],"product_brand":[],"product_cat":[219,220],"product_tag":[315,314,304,307,308,313,312,311,309,310,294,305,295,291,296,317,316,303,306],"age":[274],"player":[],"class_list":{"0":"post-2992","1":"product","2":"type-product","3":"status-publish","4":"has-post-thumbnail","6":"product_cat-school","7":"product_cat-art-and-games","8":"product_tag-awakening-game","9":"product_tag-awakening-games","10":"product_tag-axos-en","11":"product_tag-educative-game","12":"product_tag-educative-games","13":"product_tag-educative-play-en","14":"product_tag-educative-play","15":"product_tag-educative-plays","16":"product_tag-gift","17":"product_tag-gifts","18":"product_tag-iotobo-en","19":"product_tag-magnetic-en","20":"product_tag-magnetic-game","21":"product_tag-magnetic-games","22":"product_tag-mosaic-game","23":"product_tag-puzzle-en","24":"product_tag-puzzles-en","25":"product_tag-sepp-en","26":"product_tag-writing-board","27":"age-7-en","29":"first","30":"instock","31":"sold-individually","32":"shipping-taxable","33":"purchasable","34":"product-type-simple"},"yoast_head":"<!-- This site is optimized with the Yoast SEO plugin v27.5 - https:\/\/yoast.com\/product\/yoast-seo-wordpress\/ -->\n<title>Patchwork &#8211; SEPP Jeux &#8211; \u00c9diteur et fabricant fran\u00e7ais de jeux magn\u00e9tiques et tableaux m\u00e9talliques<\/title>\n<meta name=\"robots\" content=\"index, follow, max-snippet:-1, max-image-preview:large, max-video-preview:-1\" \/>\n<link rel=\"canonical\" href=\"https:\/\/sepp-jeux.fr\/en\/games\/school\/art-and-games\/patchwork\/\" \/>\n<meta property=\"og:locale\" content=\"en_US\" \/>\n<meta property=\"og:type\" content=\"article\" \/>\n<meta property=\"og:title\" content=\"Patchwork &#8211; SEPP Jeux &#8211; \u00c9diteur et fabricant fran\u00e7ais de jeux magn\u00e9tiques et tableaux m\u00e9talliques\" \/>\n<meta property=\"og:description\" content=\"Thanks to this game, children can learn how to create patchwork patterns, an antique and current ornamental art from all around the world. Nowadays the best creators of this art are the USA, Scandinavia and Japan. Children become familiar with geometry thanks to this game.\" \/>\n<meta property=\"og:url\" content=\"https:\/\/sepp-jeux.fr\/en\/games\/school\/art-and-games\/patchwork\/\" \/>\n<meta property=\"og:site_name\" content=\"SEPP Jeux\" \/>\n<meta property=\"article:publisher\" content=\"https:\/\/www.facebook.com\/SEPPJeux\/\" \/>\n<meta property=\"article:modified_time\" content=\"2022-03-14T08:28:26+00:00\" \/>\n<meta property=\"og:image\" content=\"https:\/\/sepp-jeux.fr\/wp-content\/uploads\/2014\/09\/lart_en_jeu_boite_patchwork.jpg\" \/>\n\t<meta property=\"og:image:width\" content=\"827\" \/>\n\t<meta property=\"og:image:height\" content=\"667\" \/>\n\t<meta property=\"og:image:type\" content=\"image\/jpeg\" \/>\n<meta name=\"twitter:card\" content=\"summary_large_image\" \/>\n<script type=\"application\/ld+json\" class=\"yoast-schema-graph\">{\"@context\":\"https:\\\/\\\/schema.org\",\"@graph\":[{\"@type\":\"WebPage\",\"@id\":\"https:\\\/\\\/sepp-jeux.fr\\\/en\\\/games\\\/school\\\/art-and-games\\\/patchwork\\\/\",\"url\":\"https:\\\/\\\/sepp-jeux.fr\\\/en\\\/games\\\/school\\\/art-and-games\\\/patchwork\\\/\",\"name\":\"Patchwork &#8211; SEPP Jeux &#8211; \u00c9diteur et fabricant fran\u00e7ais de jeux magn\u00e9tiques et tableaux m\u00e9talliques\",\"isPartOf\":{\"@id\":\"https:\\\/\\\/sepp-jeux.fr\\\/en\\\/#website\"},\"primaryImageOfPage\":{\"@id\":\"https:\\\/\\\/sepp-jeux.fr\\\/en\\\/games\\\/school\\\/art-and-games\\\/patchwork\\\/#primaryimage\"},\"image\":{\"@id\":\"https:\\\/\\\/sepp-jeux.fr\\\/en\\\/games\\\/school\\\/art-and-games\\\/patchwork\\\/#primaryimage\"},\"thumbnailUrl\":\"https:\\\/\\\/sepp-jeux.fr\\\/wp-content\\\/uploads\\\/2014\\\/09\\\/lart_en_jeu_boite_patchwork.jpg\",\"datePublished\":\"2014-09-02T17:07:33+00:00\",\"dateModified\":\"2022-03-14T08:28:26+00:00\",\"breadcrumb\":{\"@id\":\"https:\\\/\\\/sepp-jeux.fr\\\/en\\\/games\\\/school\\\/art-and-games\\\/patchwork\\\/#breadcrumb\"},\"inLanguage\":\"en-US\",\"potentialAction\":[{\"@type\":\"ReadAction\",\"target\":[\"https:\\\/\\\/sepp-jeux.fr\\\/en\\\/games\\\/school\\\/art-and-games\\\/patchwork\\\/\"]}]},{\"@type\":\"ImageObject\",\"inLanguage\":\"en-US\",\"@id\":\"https:\\\/\\\/sepp-jeux.fr\\\/en\\\/games\\\/school\\\/art-and-games\\\/patchwork\\\/#primaryimage\",\"url\":\"https:\\\/\\\/sepp-jeux.fr\\\/wp-content\\\/uploads\\\/2014\\\/09\\\/lart_en_jeu_boite_patchwork.jpg\",\"contentUrl\":\"https:\\\/\\\/sepp-jeux.fr\\\/wp-content\\\/uploads\\\/2014\\\/09\\\/lart_en_jeu_boite_patchwork.jpg\",\"width\":827,\"height\":667,\"caption\":\"Patchwork Box\"},{\"@type\":\"BreadcrumbList\",\"@id\":\"https:\\\/\\\/sepp-jeux.fr\\\/en\\\/games\\\/school\\\/art-and-games\\\/patchwork\\\/#breadcrumb\",\"itemListElement\":[{\"@type\":\"ListItem\",\"position\":1,\"name\":\"Accueil\",\"item\":\"https:\\\/\\\/sepp-jeux.fr\\\/en\\\/\"},{\"@type\":\"ListItem\",\"position\":2,\"name\":\"Tous nos jeux\",\"item\":\"https:\\\/\\\/sepp-jeux.fr\\\/nos-produits\\\/tous-nos-jeux\\\/\"},{\"@type\":\"ListItem\",\"position\":3,\"name\":\"School line\",\"item\":\"https:\\\/\\\/sepp-jeux.fr\\\/en\\\/line\\\/school\\\/\"},{\"@type\":\"ListItem\",\"position\":4,\"name\":\"Art and games\",\"item\":\"https:\\\/\\\/sepp-jeux.fr\\\/en\\\/line\\\/school\\\/art-and-games\\\/\"},{\"@type\":\"ListItem\",\"position\":5,\"name\":\"Patchwork\"}]},{\"@type\":\"WebSite\",\"@id\":\"https:\\\/\\\/sepp-jeux.fr\\\/en\\\/#website\",\"url\":\"https:\\\/\\\/sepp-jeux.fr\\\/en\\\/\",\"name\":\"SEPP Jeux\",\"description\":\"\u00c9diteur et fabricant fran\u00e7ais de jeux magn\u00e9tiques et tableaux m\u00e9talliques\",\"publisher\":{\"@id\":\"https:\\\/\\\/sepp-jeux.fr\\\/en\\\/#organization\"},\"potentialAction\":[{\"@type\":\"SearchAction\",\"target\":{\"@type\":\"EntryPoint\",\"urlTemplate\":\"https:\\\/\\\/sepp-jeux.fr\\\/en\\\/?s={search_term_string}\"},\"query-input\":{\"@type\":\"PropertyValueSpecification\",\"valueRequired\":true,\"valueName\":\"search_term_string\"}}],\"inLanguage\":\"en-US\"},{\"@type\":\"Organization\",\"@id\":\"https:\\\/\\\/sepp-jeux.fr\\\/en\\\/#organization\",\"name\":\"SEPP Jeux\",\"url\":\"https:\\\/\\\/sepp-jeux.fr\\\/en\\\/\",\"logo\":{\"@type\":\"ImageObject\",\"inLanguage\":\"en-US\",\"@id\":\"https:\\\/\\\/sepp-jeux.fr\\\/en\\\/#\\\/schema\\\/logo\\\/image\\\/\",\"url\":\"https:\\\/\\\/sepp-jeux.fr\\\/wp-content\\\/uploads\\\/2020\\\/03\\\/Logotype_Couleurs.png\",\"contentUrl\":\"https:\\\/\\\/sepp-jeux.fr\\\/wp-content\\\/uploads\\\/2020\\\/03\\\/Logotype_Couleurs.png\",\"width\":3126,\"height\":3125,\"caption\":\"SEPP Jeux\"},\"image\":{\"@id\":\"https:\\\/\\\/sepp-jeux.fr\\\/en\\\/#\\\/schema\\\/logo\\\/image\\\/\"},\"sameAs\":[\"https:\\\/\\\/www.facebook.com\\\/SEPPJeux\\\/\",\"https:\\\/\\\/www.instagram.com\\\/seppjeux\",\"https:\\\/\\\/www.linkedin.com\\\/company\\\/sepp-inc\\\/\",\"https:\\\/\\\/www.youtube.com\\\/channel\\\/UCU-BolRtw4LBnzZz_Jd6UYQ\"]}]}<\/script>\n<!-- \/ Yoast SEO plugin. -->","yoast_head_json":{"title":"Patchwork &#8211; SEPP Jeux &#8211; \u00c9diteur et fabricant fran\u00e7ais de jeux magn\u00e9tiques et tableaux m\u00e9talliques","robots":{"index":"index","follow":"follow","max-snippet":"max-snippet:-1","max-image-preview":"max-image-preview:large","max-video-preview":"max-video-preview:-1"},"canonical":"https:\/\/sepp-jeux.fr\/en\/games\/school\/art-and-games\/patchwork\/","og_locale":"en_US","og_type":"article","og_title":"Patchwork &#8211; SEPP Jeux &#8211; \u00c9diteur et fabricant fran\u00e7ais de jeux magn\u00e9tiques et tableaux m\u00e9talliques","og_description":"Thanks to this game, children can learn how to create patchwork patterns, an antique and current ornamental art from all around the world. Nowadays the best creators of this art are the USA, Scandinavia and Japan. Children become familiar with geometry thanks to this game.","og_url":"https:\/\/sepp-jeux.fr\/en\/games\/school\/art-and-games\/patchwork\/","og_site_name":"SEPP Jeux","article_publisher":"https:\/\/www.facebook.com\/SEPPJeux\/","article_modified_time":"2022-03-14T08:28:26+00:00","og_image":[{"width":827,"height":667,"url":"https:\/\/sepp-jeux.fr\/wp-content\/uploads\/2014\/09\/lart_en_jeu_boite_patchwork.jpg","type":"image\/jpeg"}],"twitter_card":"summary_large_image","schema":{"@context":"https:\/\/schema.org","@graph":[{"@type":"WebPage","@id":"https:\/\/sepp-jeux.fr\/en\/games\/school\/art-and-games\/patchwork\/","url":"https:\/\/sepp-jeux.fr\/en\/games\/school\/art-and-games\/patchwork\/","name":"Patchwork &#8211; SEPP Jeux &#8211; \u00c9diteur et fabricant fran\u00e7ais de jeux magn\u00e9tiques et tableaux m\u00e9talliques","isPartOf":{"@id":"https:\/\/sepp-jeux.fr\/en\/#website"},"primaryImageOfPage":{"@id":"https:\/\/sepp-jeux.fr\/en\/games\/school\/art-and-games\/patchwork\/#primaryimage"},"image":{"@id":"https:\/\/sepp-jeux.fr\/en\/games\/school\/art-and-games\/patchwork\/#primaryimage"},"thumbnailUrl":"https:\/\/sepp-jeux.fr\/wp-content\/uploads\/2014\/09\/lart_en_jeu_boite_patchwork.jpg","datePublished":"2014-09-02T17:07:33+00:00","dateModified":"2022-03-14T08:28:26+00:00","breadcrumb":{"@id":"https:\/\/sepp-jeux.fr\/en\/games\/school\/art-and-games\/patchwork\/#breadcrumb"},"inLanguage":"en-US","potentialAction":[{"@type":"ReadAction","target":["https:\/\/sepp-jeux.fr\/en\/games\/school\/art-and-games\/patchwork\/"]}]},{"@type":"ImageObject","inLanguage":"en-US","@id":"https:\/\/sepp-jeux.fr\/en\/games\/school\/art-and-games\/patchwork\/#primaryimage","url":"https:\/\/sepp-jeux.fr\/wp-content\/uploads\/2014\/09\/lart_en_jeu_boite_patchwork.jpg","contentUrl":"https:\/\/sepp-jeux.fr\/wp-content\/uploads\/2014\/09\/lart_en_jeu_boite_patchwork.jpg","width":827,"height":667,"caption":"Patchwork Box"},{"@type":"BreadcrumbList","@id":"https:\/\/sepp-jeux.fr\/en\/games\/school\/art-and-games\/patchwork\/#breadcrumb","itemListElement":[{"@type":"ListItem","position":1,"name":"Accueil","item":"https:\/\/sepp-jeux.fr\/en\/"},{"@type":"ListItem","position":2,"name":"Tous nos jeux","item":"https:\/\/sepp-jeux.fr\/nos-produits\/tous-nos-jeux\/"},{"@type":"ListItem","position":3,"name":"School line","item":"https:\/\/sepp-jeux.fr\/en\/line\/school\/"},{"@type":"ListItem","position":4,"name":"Art and games","item":"https:\/\/sepp-jeux.fr\/en\/line\/school\/art-and-games\/"},{"@type":"ListItem","position":5,"name":"Patchwork"}]},{"@type":"WebSite","@id":"https:\/\/sepp-jeux.fr\/en\/#website","url":"https:\/\/sepp-jeux.fr\/en\/","name":"SEPP Jeux","description":"\u00c9diteur et fabricant fran\u00e7ais de jeux magn\u00e9tiques et tableaux m\u00e9talliques","publisher":{"@id":"https:\/\/sepp-jeux.fr\/en\/#organization"},"potentialAction":[{"@type":"SearchAction","target":{"@type":"EntryPoint","urlTemplate":"https:\/\/sepp-jeux.fr\/en\/?s={search_term_string}"},"query-input":{"@type":"PropertyValueSpecification","valueRequired":true,"valueName":"search_term_string"}}],"inLanguage":"en-US"},{"@type":"Organization","@id":"https:\/\/sepp-jeux.fr\/en\/#organization","name":"SEPP Jeux","url":"https:\/\/sepp-jeux.fr\/en\/","logo":{"@type":"ImageObject","inLanguage":"en-US","@id":"https:\/\/sepp-jeux.fr\/en\/#\/schema\/logo\/image\/","url":"https:\/\/sepp-jeux.fr\/wp-content\/uploads\/2020\/03\/Logotype_Couleurs.png","contentUrl":"https:\/\/sepp-jeux.fr\/wp-content\/uploads\/2020\/03\/Logotype_Couleurs.png","width":3126,"height":3125,"caption":"SEPP Jeux"},"image":{"@id":"https:\/\/sepp-jeux.fr\/en\/#\/schema\/logo\/image\/"},"sameAs":["https:\/\/www.facebook.com\/SEPPJeux\/","https:\/\/www.instagram.com\/seppjeux","https:\/\/www.linkedin.com\/company\/sepp-inc\/","https:\/\/www.youtube.com\/channel\/UCU-BolRtw4LBnzZz_Jd6UYQ"]}]}},"_links":{"self":[{"href":"https:\/\/sepp-jeux.fr\/en\/wp-json\/wp\/v2\/product\/2992","targetHints":{"allow":["GET"]}}],"collection":[{"href":"https:\/\/sepp-jeux.fr\/en\/wp-json\/wp\/v2\/product"}],"about":[{"href":"https:\/\/sepp-jeux.fr\/en\/wp-json\/wp\/v2\/types\/product"}],"version-history":[{"count":1,"href":"https:\/\/sepp-jeux.fr\/en\/wp-json\/wp\/v2\/product\/2992\/revisions"}],"predecessor-version":[{"id":2993,"href":"https:\/\/sepp-jeux.fr\/en\/wp-json\/wp\/v2\/product\/2992\/revisions\/2993"}],"wp:featuredmedia":[{"embeddable":true,"href":"https:\/\/sepp-jeux.fr\/en\/wp-json\/wp\/v2\/media\/2256"}],"wp:attachment":[{"href":"https:\/\/sepp-jeux.fr\/en\/wp-json\/wp\/v2\/media?parent=2992"}],"wp:term":[{"taxonomy":"product_brand","embeddable":true,"href":"https:\/\/sepp-jeux.fr\/en\/wp-json\/wp\/v2\/product_brand?post=2992"},{"taxonomy":"product_cat","embeddable":true,"href":"https:\/\/sepp-jeux.fr\/en\/wp-json\/wp\/v2\/product_cat?post=2992"},{"taxonomy":"product_tag","embeddable":true,"href":"https:\/\/sepp-jeux.fr\/en\/wp-json\/wp\/v2\/product_tag?post=2992"},{"taxonomy":"age","embeddable":true,"href":"https:\/\/sepp-jeux.fr\/en\/wp-json\/wp\/v2\/age?post=2992"},{"taxonomy":"player","embeddable":true,"href":"https:\/\/sepp-jeux.fr\/en\/wp-json\/wp\/v2\/player?post=2992"}],"curies":[{"name":"wp","href":"https:\/\/api.w.org\/{rel}","templated":true}]}}