{"id":3029,"date":"2014-09-02T19:07:33","date_gmt":"2014-09-02T17:07:33","guid":{"rendered":"https:\/\/sepp-jeux.fr\/jeux\/uncategorized\/polyform-magnetic-tangram\/"},"modified":"2024-03-26T09:24:46","modified_gmt":"2024-03-26T08:24:46","slug":"polyform-magnetic-tangram","status":"publish","type":"product","link":"https:\/\/sepp-jeux.fr\/en\/games\/school\/un-moment-ensemble-en\/polyform-magnetic-tangram\/","title":{"rendered":"Polyform magnetic tangram"},"content":{"rendered":"<ul>\n<li>4 metallic cardboards. Size 220 x 290 mm<\/li>\n<li>4 x 17 foam magnetic pieces. Size 150 x 225 mm<\/li>\n<li>4 colours of pieces: yellow &#8211; red &#8211; blue &#8211; green<\/li>\n<li>1 exercices file of 30 pages<\/li>\n<\/ul>\n","protected":false},"excerpt":{"rendered":"<p>Polyform is a creation and reflection game. Children can create geometrical shapes and figurative models by manipulating and juxtaposing the different pieces. For children aged 3 to 8.<\/p>\n","protected":false},"featured_media":59840,"template":"","meta":[],"product_brand":[],"product_cat":[219,414],"product_tag":[],"age":[],"player":[377],"class_list":{"0":"post-3029","1":"product","2":"type-product","3":"status-publish","4":"has-post-thumbnail","6":"product_cat-school","7":"product_cat-un-moment-ensemble-en","8":"player-4-players-en","10":"first","11":"instock","12":"sold-individually","13":"shipping-taxable","14":"purchasable","15":"product-type-simple"},"yoast_head":"<!-- This site is optimized with the Yoast SEO plugin v27.4 - https:\/\/yoast.com\/product\/yoast-seo-wordpress\/ -->\n<title>Polyform magnetic tangram &#8211; SEPP Jeux &#8211; \u00c9diteur et fabricant fran\u00e7ais de jeux magn\u00e9tiques et tableaux m\u00e9talliques<\/title>\n<meta name=\"description\" content=\"Polyform is a magnetic school workshop for 4 children. They can create geometrical shapes and figures. From 3 to 8 years old. Made in France.\" \/>\n<meta name=\"robots\" content=\"index, follow, max-snippet:-1, max-image-preview:large, max-video-preview:-1\" \/>\n<link rel=\"canonical\" href=\"https:\/\/sepp-jeux.fr\/en\/games\/school\/un-moment-ensemble-en\/polyform-magnetic-tangram\/\" \/>\n<meta property=\"og:locale\" content=\"en_US\" \/>\n<meta property=\"og:type\" content=\"article\" \/>\n<meta property=\"og:title\" content=\"Polyform magnetic tangram &#8211; SEPP Jeux &#8211; \u00c9diteur et fabricant fran\u00e7ais de jeux magn\u00e9tiques et tableaux m\u00e9talliques\" \/>\n<meta property=\"og:description\" content=\"Polyform is a magnetic school workshop for 4 children. They can create geometrical shapes and figures. From 3 to 8 years old. Made in France.\" \/>\n<meta property=\"og:url\" content=\"https:\/\/sepp-jeux.fr\/en\/games\/school\/un-moment-ensemble-en\/polyform-magnetic-tangram\/\" \/>\n<meta property=\"og:site_name\" content=\"SEPP Jeux\" \/>\n<meta property=\"article:publisher\" content=\"https:\/\/www.facebook.com\/SEPPJeux\/\" \/>\n<meta property=\"article:modified_time\" content=\"2024-03-26T08:24:46+00:00\" \/>\n<meta property=\"og:image\" content=\"https:\/\/sepp-jeux.fr\/wp-content\/uploads\/2014\/09\/POLY00-Polyform-2023-1.jpg\" \/>\n\t<meta property=\"og:image:width\" content=\"1772\" \/>\n\t<meta property=\"og:image:height\" content=\"1512\" \/>\n\t<meta property=\"og:image:type\" content=\"image\/jpeg\" \/>\n<meta name=\"twitter:card\" content=\"summary_large_image\" \/>\n<meta name=\"twitter:label1\" content=\"Est. reading time\" \/>\n\t<meta name=\"twitter:data1\" content=\"1 minute\" \/>\n<script type=\"application\/ld+json\" class=\"yoast-schema-graph\">{\"@context\":\"https:\\\/\\\/schema.org\",\"@graph\":[{\"@type\":\"WebPage\",\"@id\":\"https:\\\/\\\/sepp-jeux.fr\\\/en\\\/games\\\/school\\\/un-moment-ensemble-en\\\/polyform-magnetic-tangram\\\/\",\"url\":\"https:\\\/\\\/sepp-jeux.fr\\\/en\\\/games\\\/school\\\/un-moment-ensemble-en\\\/polyform-magnetic-tangram\\\/\",\"name\":\"Polyform magnetic tangram &#8211; SEPP Jeux &#8211; \u00c9diteur et fabricant fran\u00e7ais de jeux magn\u00e9tiques et tableaux m\u00e9talliques\",\"isPartOf\":{\"@id\":\"https:\\\/\\\/sepp-jeux.fr\\\/en\\\/#website\"},\"primaryImageOfPage\":{\"@id\":\"https:\\\/\\\/sepp-jeux.fr\\\/en\\\/games\\\/school\\\/un-moment-ensemble-en\\\/polyform-magnetic-tangram\\\/#primaryimage\"},\"image\":{\"@id\":\"https:\\\/\\\/sepp-jeux.fr\\\/en\\\/games\\\/school\\\/un-moment-ensemble-en\\\/polyform-magnetic-tangram\\\/#primaryimage\"},\"thumbnailUrl\":\"https:\\\/\\\/sepp-jeux.fr\\\/wp-content\\\/uploads\\\/2014\\\/09\\\/POLY00-Polyform-2023-1.jpg\",\"datePublished\":\"2014-09-02T17:07:33+00:00\",\"dateModified\":\"2024-03-26T08:24:46+00:00\",\"description\":\"Polyform is a magnetic school workshop for 4 children. They can create geometrical shapes and figures. From 3 to 8 years old. Made in France.\",\"breadcrumb\":{\"@id\":\"https:\\\/\\\/sepp-jeux.fr\\\/en\\\/games\\\/school\\\/un-moment-ensemble-en\\\/polyform-magnetic-tangram\\\/#breadcrumb\"},\"inLanguage\":\"en-US\",\"potentialAction\":[{\"@type\":\"ReadAction\",\"target\":[\"https:\\\/\\\/sepp-jeux.fr\\\/en\\\/games\\\/school\\\/un-moment-ensemble-en\\\/polyform-magnetic-tangram\\\/\"]}]},{\"@type\":\"ImageObject\",\"inLanguage\":\"en-US\",\"@id\":\"https:\\\/\\\/sepp-jeux.fr\\\/en\\\/games\\\/school\\\/un-moment-ensemble-en\\\/polyform-magnetic-tangram\\\/#primaryimage\",\"url\":\"https:\\\/\\\/sepp-jeux.fr\\\/wp-content\\\/uploads\\\/2014\\\/09\\\/POLY00-Polyform-2023-1.jpg\",\"contentUrl\":\"https:\\\/\\\/sepp-jeux.fr\\\/wp-content\\\/uploads\\\/2014\\\/09\\\/POLY00-Polyform-2023-1.jpg\",\"width\":1772,\"height\":1512,\"caption\":\"Polyform (SEPP Jeux)\"},{\"@type\":\"BreadcrumbList\",\"@id\":\"https:\\\/\\\/sepp-jeux.fr\\\/en\\\/games\\\/school\\\/un-moment-ensemble-en\\\/polyform-magnetic-tangram\\\/#breadcrumb\",\"itemListElement\":[{\"@type\":\"ListItem\",\"position\":1,\"name\":\"Accueil\",\"item\":\"https:\\\/\\\/sepp-jeux.fr\\\/en\\\/\"},{\"@type\":\"ListItem\",\"position\":2,\"name\":\"Tous nos jeux\",\"item\":\"https:\\\/\\\/sepp-jeux.fr\\\/nos-produits\\\/tous-nos-jeux\\\/\"},{\"@type\":\"ListItem\",\"position\":3,\"name\":\"School line\",\"item\":\"https:\\\/\\\/sepp-jeux.fr\\\/en\\\/line\\\/school\\\/\"},{\"@type\":\"ListItem\",\"position\":4,\"name\":\"Un moment ensemble\",\"item\":\"https:\\\/\\\/sepp-jeux.fr\\\/en\\\/line\\\/school\\\/un-moment-ensemble-en\\\/\"},{\"@type\":\"ListItem\",\"position\":5,\"name\":\"Polyform magnetic tangram\"}]},{\"@type\":\"WebSite\",\"@id\":\"https:\\\/\\\/sepp-jeux.fr\\\/en\\\/#website\",\"url\":\"https:\\\/\\\/sepp-jeux.fr\\\/en\\\/\",\"name\":\"SEPP Jeux\",\"description\":\"\u00c9diteur et fabricant fran\u00e7ais de jeux magn\u00e9tiques et tableaux m\u00e9talliques\",\"publisher\":{\"@id\":\"https:\\\/\\\/sepp-jeux.fr\\\/en\\\/#organization\"},\"potentialAction\":[{\"@type\":\"SearchAction\",\"target\":{\"@type\":\"EntryPoint\",\"urlTemplate\":\"https:\\\/\\\/sepp-jeux.fr\\\/en\\\/?s={search_term_string}\"},\"query-input\":{\"@type\":\"PropertyValueSpecification\",\"valueRequired\":true,\"valueName\":\"search_term_string\"}}],\"inLanguage\":\"en-US\"},{\"@type\":\"Organization\",\"@id\":\"https:\\\/\\\/sepp-jeux.fr\\\/en\\\/#organization\",\"name\":\"SEPP Jeux\",\"url\":\"https:\\\/\\\/sepp-jeux.fr\\\/en\\\/\",\"logo\":{\"@type\":\"ImageObject\",\"inLanguage\":\"en-US\",\"@id\":\"https:\\\/\\\/sepp-jeux.fr\\\/en\\\/#\\\/schema\\\/logo\\\/image\\\/\",\"url\":\"https:\\\/\\\/sepp-jeux.fr\\\/wp-content\\\/uploads\\\/2020\\\/03\\\/Logotype_Couleurs.png\",\"contentUrl\":\"https:\\\/\\\/sepp-jeux.fr\\\/wp-content\\\/uploads\\\/2020\\\/03\\\/Logotype_Couleurs.png\",\"width\":3126,\"height\":3125,\"caption\":\"SEPP Jeux\"},\"image\":{\"@id\":\"https:\\\/\\\/sepp-jeux.fr\\\/en\\\/#\\\/schema\\\/logo\\\/image\\\/\"},\"sameAs\":[\"https:\\\/\\\/www.facebook.com\\\/SEPPJeux\\\/\",\"https:\\\/\\\/www.instagram.com\\\/seppjeux\",\"https:\\\/\\\/www.linkedin.com\\\/company\\\/sepp-inc\\\/\",\"https:\\\/\\\/www.youtube.com\\\/channel\\\/UCU-BolRtw4LBnzZz_Jd6UYQ\"]}]}<\/script>\n<!-- \/ Yoast SEO plugin. -->","yoast_head_json":{"title":"Polyform magnetic tangram &#8211; SEPP Jeux &#8211; \u00c9diteur et fabricant fran\u00e7ais de jeux magn\u00e9tiques et tableaux m\u00e9talliques","description":"Polyform is a magnetic school workshop for 4 children. They can create geometrical shapes and figures. From 3 to 8 years old. Made in France.","robots":{"index":"index","follow":"follow","max-snippet":"max-snippet:-1","max-image-preview":"max-image-preview:large","max-video-preview":"max-video-preview:-1"},"canonical":"https:\/\/sepp-jeux.fr\/en\/games\/school\/un-moment-ensemble-en\/polyform-magnetic-tangram\/","og_locale":"en_US","og_type":"article","og_title":"Polyform magnetic tangram &#8211; SEPP Jeux &#8211; \u00c9diteur et fabricant fran\u00e7ais de jeux magn\u00e9tiques et tableaux m\u00e9talliques","og_description":"Polyform is a magnetic school workshop for 4 children. They can create geometrical shapes and figures. From 3 to 8 years old. Made in France.","og_url":"https:\/\/sepp-jeux.fr\/en\/games\/school\/un-moment-ensemble-en\/polyform-magnetic-tangram\/","og_site_name":"SEPP Jeux","article_publisher":"https:\/\/www.facebook.com\/SEPPJeux\/","article_modified_time":"2024-03-26T08:24:46+00:00","og_image":[{"width":1772,"height":1512,"url":"https:\/\/sepp-jeux.fr\/wp-content\/uploads\/2014\/09\/POLY00-Polyform-2023-1.jpg","type":"image\/jpeg"}],"twitter_card":"summary_large_image","twitter_misc":{"Est. reading time":"1 minute"},"schema":{"@context":"https:\/\/schema.org","@graph":[{"@type":"WebPage","@id":"https:\/\/sepp-jeux.fr\/en\/games\/school\/un-moment-ensemble-en\/polyform-magnetic-tangram\/","url":"https:\/\/sepp-jeux.fr\/en\/games\/school\/un-moment-ensemble-en\/polyform-magnetic-tangram\/","name":"Polyform magnetic tangram &#8211; SEPP Jeux &#8211; \u00c9diteur et fabricant fran\u00e7ais de jeux magn\u00e9tiques et tableaux m\u00e9talliques","isPartOf":{"@id":"https:\/\/sepp-jeux.fr\/en\/#website"},"primaryImageOfPage":{"@id":"https:\/\/sepp-jeux.fr\/en\/games\/school\/un-moment-ensemble-en\/polyform-magnetic-tangram\/#primaryimage"},"image":{"@id":"https:\/\/sepp-jeux.fr\/en\/games\/school\/un-moment-ensemble-en\/polyform-magnetic-tangram\/#primaryimage"},"thumbnailUrl":"https:\/\/sepp-jeux.fr\/wp-content\/uploads\/2014\/09\/POLY00-Polyform-2023-1.jpg","datePublished":"2014-09-02T17:07:33+00:00","dateModified":"2024-03-26T08:24:46+00:00","description":"Polyform is a magnetic school workshop for 4 children. They can create geometrical shapes and figures. From 3 to 8 years old. Made in France.","breadcrumb":{"@id":"https:\/\/sepp-jeux.fr\/en\/games\/school\/un-moment-ensemble-en\/polyform-magnetic-tangram\/#breadcrumb"},"inLanguage":"en-US","potentialAction":[{"@type":"ReadAction","target":["https:\/\/sepp-jeux.fr\/en\/games\/school\/un-moment-ensemble-en\/polyform-magnetic-tangram\/"]}]},{"@type":"ImageObject","inLanguage":"en-US","@id":"https:\/\/sepp-jeux.fr\/en\/games\/school\/un-moment-ensemble-en\/polyform-magnetic-tangram\/#primaryimage","url":"https:\/\/sepp-jeux.fr\/wp-content\/uploads\/2014\/09\/POLY00-Polyform-2023-1.jpg","contentUrl":"https:\/\/sepp-jeux.fr\/wp-content\/uploads\/2014\/09\/POLY00-Polyform-2023-1.jpg","width":1772,"height":1512,"caption":"Polyform (SEPP Jeux)"},{"@type":"BreadcrumbList","@id":"https:\/\/sepp-jeux.fr\/en\/games\/school\/un-moment-ensemble-en\/polyform-magnetic-tangram\/#breadcrumb","itemListElement":[{"@type":"ListItem","position":1,"name":"Accueil","item":"https:\/\/sepp-jeux.fr\/en\/"},{"@type":"ListItem","position":2,"name":"Tous nos jeux","item":"https:\/\/sepp-jeux.fr\/nos-produits\/tous-nos-jeux\/"},{"@type":"ListItem","position":3,"name":"School line","item":"https:\/\/sepp-jeux.fr\/en\/line\/school\/"},{"@type":"ListItem","position":4,"name":"Un moment ensemble","item":"https:\/\/sepp-jeux.fr\/en\/line\/school\/un-moment-ensemble-en\/"},{"@type":"ListItem","position":5,"name":"Polyform magnetic tangram"}]},{"@type":"WebSite","@id":"https:\/\/sepp-jeux.fr\/en\/#website","url":"https:\/\/sepp-jeux.fr\/en\/","name":"SEPP Jeux","description":"\u00c9diteur et fabricant fran\u00e7ais de jeux magn\u00e9tiques et tableaux m\u00e9talliques","publisher":{"@id":"https:\/\/sepp-jeux.fr\/en\/#organization"},"potentialAction":[{"@type":"SearchAction","target":{"@type":"EntryPoint","urlTemplate":"https:\/\/sepp-jeux.fr\/en\/?s={search_term_string}"},"query-input":{"@type":"PropertyValueSpecification","valueRequired":true,"valueName":"search_term_string"}}],"inLanguage":"en-US"},{"@type":"Organization","@id":"https:\/\/sepp-jeux.fr\/en\/#organization","name":"SEPP Jeux","url":"https:\/\/sepp-jeux.fr\/en\/","logo":{"@type":"ImageObject","inLanguage":"en-US","@id":"https:\/\/sepp-jeux.fr\/en\/#\/schema\/logo\/image\/","url":"https:\/\/sepp-jeux.fr\/wp-content\/uploads\/2020\/03\/Logotype_Couleurs.png","contentUrl":"https:\/\/sepp-jeux.fr\/wp-content\/uploads\/2020\/03\/Logotype_Couleurs.png","width":3126,"height":3125,"caption":"SEPP Jeux"},"image":{"@id":"https:\/\/sepp-jeux.fr\/en\/#\/schema\/logo\/image\/"},"sameAs":["https:\/\/www.facebook.com\/SEPPJeux\/","https:\/\/www.instagram.com\/seppjeux","https:\/\/www.linkedin.com\/company\/sepp-inc\/","https:\/\/www.youtube.com\/channel\/UCU-BolRtw4LBnzZz_Jd6UYQ"]}]}},"_links":{"self":[{"href":"https:\/\/sepp-jeux.fr\/en\/wp-json\/wp\/v2\/product\/3029","targetHints":{"allow":["GET"]}}],"collection":[{"href":"https:\/\/sepp-jeux.fr\/en\/wp-json\/wp\/v2\/product"}],"about":[{"href":"https:\/\/sepp-jeux.fr\/en\/wp-json\/wp\/v2\/types\/product"}],"version-history":[{"count":2,"href":"https:\/\/sepp-jeux.fr\/en\/wp-json\/wp\/v2\/product\/3029\/revisions"}],"predecessor-version":[{"id":4090,"href":"https:\/\/sepp-jeux.fr\/en\/wp-json\/wp\/v2\/product\/3029\/revisions\/4090"}],"wp:featuredmedia":[{"embeddable":true,"href":"https:\/\/sepp-jeux.fr\/en\/wp-json\/wp\/v2\/media\/59840"}],"wp:attachment":[{"href":"https:\/\/sepp-jeux.fr\/en\/wp-json\/wp\/v2\/media?parent=3029"}],"wp:term":[{"taxonomy":"product_brand","embeddable":true,"href":"https:\/\/sepp-jeux.fr\/en\/wp-json\/wp\/v2\/product_brand?post=3029"},{"taxonomy":"product_cat","embeddable":true,"href":"https:\/\/sepp-jeux.fr\/en\/wp-json\/wp\/v2\/product_cat?post=3029"},{"taxonomy":"product_tag","embeddable":true,"href":"https:\/\/sepp-jeux.fr\/en\/wp-json\/wp\/v2\/product_tag?post=3029"},{"taxonomy":"age","embeddable":true,"href":"https:\/\/sepp-jeux.fr\/en\/wp-json\/wp\/v2\/age?post=3029"},{"taxonomy":"player","embeddable":true,"href":"https:\/\/sepp-jeux.fr\/en\/wp-json\/wp\/v2\/player?post=3029"}],"curies":[{"name":"wp","href":"https:\/\/api.w.org\/{rel}","templated":true}]}}