{"id":3177,"date":"2014-09-02T19:07:33","date_gmt":"2014-09-02T17:07:33","guid":{"rendered":"https:\/\/sepp-jeux.fr\/jeux\/uncategorized\/3177\/"},"modified":"2023-06-09T08:34:29","modified_gmt":"2023-06-09T06:34:29","slug":"iotobo-travel-6","status":"publish","type":"product","link":"https:\/\/sepp-jeux.fr\/en\/games\/general-public\/iotobo-classic-en\/iotobo-travel-6\/","title":{"rendered":"iOTOBO Travel 6+"},"content":{"rendered":"<p>With our clever games in compact boxes, traveling is child\u2019s play! Our games can be played anywhere, anytime directly in the box, to challenge friends or family during long trips.<\/p>\n","protected":false},"excerpt":{"rendered":"<ul>\n<li>1 Metallic box. Size: 180 x 290 mm, (display of 12 boxes)<\/li>\n<li>100 magnets. Sizes: 35 and 20 mm<\/li>\n<li>6 colours<\/li>\n<li>90 ideas as models<\/li>\n<li>2 game levels<\/li>\n<\/ul>\n","protected":false},"featured_media":3903,"template":"","meta":[],"product_brand":[],"product_cat":[218,224],"product_tag":[315,314,304,307,308,313,312,311,309,310,294,280,305,295,291,296,317,316,303,306],"age":[265],"player":[376],"class_list":{"0":"post-3177","1":"product","2":"type-product","3":"status-publish","4":"has-post-thumbnail","6":"product_cat-general-public","7":"product_cat-iotobo-classic-en","8":"product_tag-awakening-game","9":"product_tag-awakening-games","10":"product_tag-axos-en","11":"product_tag-educative-game","12":"product_tag-educative-games","13":"product_tag-educative-play-en","14":"product_tag-educative-play","15":"product_tag-educative-plays","16":"product_tag-gift","17":"product_tag-gifts","18":"product_tag-iotobo-en","19":"product_tag-magnetic","20":"product_tag-magnetic-en","21":"product_tag-magnetic-game","22":"product_tag-magnetic-games","23":"product_tag-mosaic-game","24":"product_tag-puzzle-en","25":"product_tag-puzzles-en","26":"product_tag-sepp-en","27":"product_tag-writing-board","28":"age-6-year-olds","29":"player-1-player","31":"first","32":"instock","33":"sold-individually","34":"shipping-taxable","35":"purchasable","36":"product-type-simple"},"yoast_head":"<!-- This site is optimized with the Yoast SEO plugin v27.4 - https:\/\/yoast.com\/product\/yoast-seo-wordpress\/ -->\n<title>iOTOBO Travel 6+ &#8211; SEPP Jeux<\/title>\n<meta name=\"description\" content=\"iOTOBO travel games for 6 years old children : 3 shapes and an infinite number of combinations!\" \/>\n<meta name=\"robots\" content=\"index, follow, max-snippet:-1, max-image-preview:large, max-video-preview:-1\" \/>\n<link rel=\"canonical\" href=\"https:\/\/sepp-jeux.fr\/en\/games\/general-public\/iotobo-classic-en\/iotobo-travel-6\/\" \/>\n<meta property=\"og:locale\" content=\"en_US\" \/>\n<meta property=\"og:type\" content=\"article\" \/>\n<meta property=\"og:title\" content=\"iOTOBO Travel 6+ &#8211; SEPP Jeux\" \/>\n<meta property=\"og:description\" content=\"iOTOBO travel games for 6 years old children : 3 shapes and an infinite number of combinations!\" \/>\n<meta property=\"og:url\" content=\"https:\/\/sepp-jeux.fr\/en\/games\/general-public\/iotobo-classic-en\/iotobo-travel-6\/\" \/>\n<meta property=\"og:site_name\" content=\"SEPP Jeux\" \/>\n<meta property=\"article:publisher\" content=\"https:\/\/www.facebook.com\/SEPPJeux\/\" \/>\n<meta property=\"article:modified_time\" content=\"2023-06-09T06:34:29+00:00\" \/>\n<meta property=\"og:image\" content=\"https:\/\/sepp-jeux.fr\/wp-content\/uploads\/2014\/09\/iTN-M6-scaled.jpg\" \/>\n\t<meta property=\"og:image:width\" content=\"2560\" \/>\n\t<meta property=\"og:image:height\" content=\"1629\" \/>\n\t<meta property=\"og:image:type\" content=\"image\/jpeg\" \/>\n<meta name=\"twitter:card\" content=\"summary_large_image\" \/>\n<meta name=\"twitter:label1\" content=\"Est. reading time\" \/>\n\t<meta name=\"twitter:data1\" content=\"1 minute\" \/>\n<script type=\"application\/ld+json\" class=\"yoast-schema-graph\">{\"@context\":\"https:\\\/\\\/schema.org\",\"@graph\":[{\"@type\":\"WebPage\",\"@id\":\"https:\\\/\\\/sepp-jeux.fr\\\/en\\\/games\\\/general-public\\\/iotobo-classic-en\\\/iotobo-travel-6\\\/\",\"url\":\"https:\\\/\\\/sepp-jeux.fr\\\/en\\\/games\\\/general-public\\\/iotobo-classic-en\\\/iotobo-travel-6\\\/\",\"name\":\"iOTOBO Travel 6+ &#8211; SEPP Jeux\",\"isPartOf\":{\"@id\":\"https:\\\/\\\/sepp-jeux.fr\\\/en\\\/#website\"},\"primaryImageOfPage\":{\"@id\":\"https:\\\/\\\/sepp-jeux.fr\\\/en\\\/games\\\/general-public\\\/iotobo-classic-en\\\/iotobo-travel-6\\\/#primaryimage\"},\"image\":{\"@id\":\"https:\\\/\\\/sepp-jeux.fr\\\/en\\\/games\\\/general-public\\\/iotobo-classic-en\\\/iotobo-travel-6\\\/#primaryimage\"},\"thumbnailUrl\":\"https:\\\/\\\/sepp-jeux.fr\\\/wp-content\\\/uploads\\\/2014\\\/09\\\/iTN-M6-scaled.jpg\",\"datePublished\":\"2014-09-02T17:07:33+00:00\",\"dateModified\":\"2023-06-09T06:34:29+00:00\",\"description\":\"iOTOBO travel games for 6 years old children : 3 shapes and an infinite number of combinations!\",\"breadcrumb\":{\"@id\":\"https:\\\/\\\/sepp-jeux.fr\\\/en\\\/games\\\/general-public\\\/iotobo-classic-en\\\/iotobo-travel-6\\\/#breadcrumb\"},\"inLanguage\":\"en-US\",\"potentialAction\":[{\"@type\":\"ReadAction\",\"target\":[\"https:\\\/\\\/sepp-jeux.fr\\\/en\\\/games\\\/general-public\\\/iotobo-classic-en\\\/iotobo-travel-6\\\/\"]}]},{\"@type\":\"ImageObject\",\"inLanguage\":\"en-US\",\"@id\":\"https:\\\/\\\/sepp-jeux.fr\\\/en\\\/games\\\/general-public\\\/iotobo-classic-en\\\/iotobo-travel-6\\\/#primaryimage\",\"url\":\"https:\\\/\\\/sepp-jeux.fr\\\/wp-content\\\/uploads\\\/2014\\\/09\\\/iTN-M6-scaled.jpg\",\"contentUrl\":\"https:\\\/\\\/sepp-jeux.fr\\\/wp-content\\\/uploads\\\/2014\\\/09\\\/iTN-M6-scaled.jpg\",\"width\":2560,\"height\":1629},{\"@type\":\"BreadcrumbList\",\"@id\":\"https:\\\/\\\/sepp-jeux.fr\\\/en\\\/games\\\/general-public\\\/iotobo-classic-en\\\/iotobo-travel-6\\\/#breadcrumb\",\"itemListElement\":[{\"@type\":\"ListItem\",\"position\":1,\"name\":\"Accueil\",\"item\":\"https:\\\/\\\/sepp-jeux.fr\\\/en\\\/\"},{\"@type\":\"ListItem\",\"position\":2,\"name\":\"Tous nos jeux\",\"item\":\"https:\\\/\\\/sepp-jeux.fr\\\/nos-produits\\\/tous-nos-jeux\\\/\"},{\"@type\":\"ListItem\",\"position\":3,\"name\":\"General public\",\"item\":\"https:\\\/\\\/sepp-jeux.fr\\\/en\\\/line\\\/general-public\\\/\"},{\"@type\":\"ListItem\",\"position\":4,\"name\":\"iOTOBO Classic\",\"item\":\"https:\\\/\\\/sepp-jeux.fr\\\/en\\\/line\\\/general-public\\\/iotobo-classic-en\\\/\"},{\"@type\":\"ListItem\",\"position\":5,\"name\":\"iOTOBO Travel 6+\"}]},{\"@type\":\"WebSite\",\"@id\":\"https:\\\/\\\/sepp-jeux.fr\\\/en\\\/#website\",\"url\":\"https:\\\/\\\/sepp-jeux.fr\\\/en\\\/\",\"name\":\"SEPP Jeux\",\"description\":\"\u00c9diteur et fabricant fran\u00e7ais de jeux magn\u00e9tiques et tableaux m\u00e9talliques\",\"publisher\":{\"@id\":\"https:\\\/\\\/sepp-jeux.fr\\\/en\\\/#organization\"},\"potentialAction\":[{\"@type\":\"SearchAction\",\"target\":{\"@type\":\"EntryPoint\",\"urlTemplate\":\"https:\\\/\\\/sepp-jeux.fr\\\/en\\\/?s={search_term_string}\"},\"query-input\":{\"@type\":\"PropertyValueSpecification\",\"valueRequired\":true,\"valueName\":\"search_term_string\"}}],\"inLanguage\":\"en-US\"},{\"@type\":\"Organization\",\"@id\":\"https:\\\/\\\/sepp-jeux.fr\\\/en\\\/#organization\",\"name\":\"SEPP Jeux\",\"url\":\"https:\\\/\\\/sepp-jeux.fr\\\/en\\\/\",\"logo\":{\"@type\":\"ImageObject\",\"inLanguage\":\"en-US\",\"@id\":\"https:\\\/\\\/sepp-jeux.fr\\\/en\\\/#\\\/schema\\\/logo\\\/image\\\/\",\"url\":\"https:\\\/\\\/sepp-jeux.fr\\\/wp-content\\\/uploads\\\/2020\\\/03\\\/Logotype_Couleurs.png\",\"contentUrl\":\"https:\\\/\\\/sepp-jeux.fr\\\/wp-content\\\/uploads\\\/2020\\\/03\\\/Logotype_Couleurs.png\",\"width\":3126,\"height\":3125,\"caption\":\"SEPP Jeux\"},\"image\":{\"@id\":\"https:\\\/\\\/sepp-jeux.fr\\\/en\\\/#\\\/schema\\\/logo\\\/image\\\/\"},\"sameAs\":[\"https:\\\/\\\/www.facebook.com\\\/SEPPJeux\\\/\",\"https:\\\/\\\/www.instagram.com\\\/seppjeux\",\"https:\\\/\\\/www.linkedin.com\\\/company\\\/sepp-inc\\\/\",\"https:\\\/\\\/www.youtube.com\\\/channel\\\/UCU-BolRtw4LBnzZz_Jd6UYQ\"]}]}<\/script>\n<!-- \/ Yoast SEO plugin. -->","yoast_head_json":{"title":"iOTOBO Travel 6+ &#8211; SEPP Jeux","description":"iOTOBO travel games for 6 years old children : 3 shapes and an infinite number of combinations!","robots":{"index":"index","follow":"follow","max-snippet":"max-snippet:-1","max-image-preview":"max-image-preview:large","max-video-preview":"max-video-preview:-1"},"canonical":"https:\/\/sepp-jeux.fr\/en\/games\/general-public\/iotobo-classic-en\/iotobo-travel-6\/","og_locale":"en_US","og_type":"article","og_title":"iOTOBO Travel 6+ &#8211; SEPP Jeux","og_description":"iOTOBO travel games for 6 years old children : 3 shapes and an infinite number of combinations!","og_url":"https:\/\/sepp-jeux.fr\/en\/games\/general-public\/iotobo-classic-en\/iotobo-travel-6\/","og_site_name":"SEPP Jeux","article_publisher":"https:\/\/www.facebook.com\/SEPPJeux\/","article_modified_time":"2023-06-09T06:34:29+00:00","og_image":[{"width":2560,"height":1629,"url":"https:\/\/sepp-jeux.fr\/wp-content\/uploads\/2014\/09\/iTN-M6-scaled.jpg","type":"image\/jpeg"}],"twitter_card":"summary_large_image","twitter_misc":{"Est. reading time":"1 minute"},"schema":{"@context":"https:\/\/schema.org","@graph":[{"@type":"WebPage","@id":"https:\/\/sepp-jeux.fr\/en\/games\/general-public\/iotobo-classic-en\/iotobo-travel-6\/","url":"https:\/\/sepp-jeux.fr\/en\/games\/general-public\/iotobo-classic-en\/iotobo-travel-6\/","name":"iOTOBO Travel 6+ &#8211; SEPP Jeux","isPartOf":{"@id":"https:\/\/sepp-jeux.fr\/en\/#website"},"primaryImageOfPage":{"@id":"https:\/\/sepp-jeux.fr\/en\/games\/general-public\/iotobo-classic-en\/iotobo-travel-6\/#primaryimage"},"image":{"@id":"https:\/\/sepp-jeux.fr\/en\/games\/general-public\/iotobo-classic-en\/iotobo-travel-6\/#primaryimage"},"thumbnailUrl":"https:\/\/sepp-jeux.fr\/wp-content\/uploads\/2014\/09\/iTN-M6-scaled.jpg","datePublished":"2014-09-02T17:07:33+00:00","dateModified":"2023-06-09T06:34:29+00:00","description":"iOTOBO travel games for 6 years old children : 3 shapes and an infinite number of combinations!","breadcrumb":{"@id":"https:\/\/sepp-jeux.fr\/en\/games\/general-public\/iotobo-classic-en\/iotobo-travel-6\/#breadcrumb"},"inLanguage":"en-US","potentialAction":[{"@type":"ReadAction","target":["https:\/\/sepp-jeux.fr\/en\/games\/general-public\/iotobo-classic-en\/iotobo-travel-6\/"]}]},{"@type":"ImageObject","inLanguage":"en-US","@id":"https:\/\/sepp-jeux.fr\/en\/games\/general-public\/iotobo-classic-en\/iotobo-travel-6\/#primaryimage","url":"https:\/\/sepp-jeux.fr\/wp-content\/uploads\/2014\/09\/iTN-M6-scaled.jpg","contentUrl":"https:\/\/sepp-jeux.fr\/wp-content\/uploads\/2014\/09\/iTN-M6-scaled.jpg","width":2560,"height":1629},{"@type":"BreadcrumbList","@id":"https:\/\/sepp-jeux.fr\/en\/games\/general-public\/iotobo-classic-en\/iotobo-travel-6\/#breadcrumb","itemListElement":[{"@type":"ListItem","position":1,"name":"Accueil","item":"https:\/\/sepp-jeux.fr\/en\/"},{"@type":"ListItem","position":2,"name":"Tous nos jeux","item":"https:\/\/sepp-jeux.fr\/nos-produits\/tous-nos-jeux\/"},{"@type":"ListItem","position":3,"name":"General public","item":"https:\/\/sepp-jeux.fr\/en\/line\/general-public\/"},{"@type":"ListItem","position":4,"name":"iOTOBO Classic","item":"https:\/\/sepp-jeux.fr\/en\/line\/general-public\/iotobo-classic-en\/"},{"@type":"ListItem","position":5,"name":"iOTOBO Travel 6+"}]},{"@type":"WebSite","@id":"https:\/\/sepp-jeux.fr\/en\/#website","url":"https:\/\/sepp-jeux.fr\/en\/","name":"SEPP Jeux","description":"\u00c9diteur et fabricant fran\u00e7ais de jeux magn\u00e9tiques et tableaux m\u00e9talliques","publisher":{"@id":"https:\/\/sepp-jeux.fr\/en\/#organization"},"potentialAction":[{"@type":"SearchAction","target":{"@type":"EntryPoint","urlTemplate":"https:\/\/sepp-jeux.fr\/en\/?s={search_term_string}"},"query-input":{"@type":"PropertyValueSpecification","valueRequired":true,"valueName":"search_term_string"}}],"inLanguage":"en-US"},{"@type":"Organization","@id":"https:\/\/sepp-jeux.fr\/en\/#organization","name":"SEPP Jeux","url":"https:\/\/sepp-jeux.fr\/en\/","logo":{"@type":"ImageObject","inLanguage":"en-US","@id":"https:\/\/sepp-jeux.fr\/en\/#\/schema\/logo\/image\/","url":"https:\/\/sepp-jeux.fr\/wp-content\/uploads\/2020\/03\/Logotype_Couleurs.png","contentUrl":"https:\/\/sepp-jeux.fr\/wp-content\/uploads\/2020\/03\/Logotype_Couleurs.png","width":3126,"height":3125,"caption":"SEPP Jeux"},"image":{"@id":"https:\/\/sepp-jeux.fr\/en\/#\/schema\/logo\/image\/"},"sameAs":["https:\/\/www.facebook.com\/SEPPJeux\/","https:\/\/www.instagram.com\/seppjeux","https:\/\/www.linkedin.com\/company\/sepp-inc\/","https:\/\/www.youtube.com\/channel\/UCU-BolRtw4LBnzZz_Jd6UYQ"]}]}},"_links":{"self":[{"href":"https:\/\/sepp-jeux.fr\/en\/wp-json\/wp\/v2\/product\/3177","targetHints":{"allow":["GET"]}}],"collection":[{"href":"https:\/\/sepp-jeux.fr\/en\/wp-json\/wp\/v2\/product"}],"about":[{"href":"https:\/\/sepp-jeux.fr\/en\/wp-json\/wp\/v2\/types\/product"}],"version-history":[{"count":3,"href":"https:\/\/sepp-jeux.fr\/en\/wp-json\/wp\/v2\/product\/3177\/revisions"}],"predecessor-version":[{"id":3914,"href":"https:\/\/sepp-jeux.fr\/en\/wp-json\/wp\/v2\/product\/3177\/revisions\/3914"}],"wp:featuredmedia":[{"embeddable":true,"href":"https:\/\/sepp-jeux.fr\/en\/wp-json\/wp\/v2\/media\/3903"}],"wp:attachment":[{"href":"https:\/\/sepp-jeux.fr\/en\/wp-json\/wp\/v2\/media?parent=3177"}],"wp:term":[{"taxonomy":"product_brand","embeddable":true,"href":"https:\/\/sepp-jeux.fr\/en\/wp-json\/wp\/v2\/product_brand?post=3177"},{"taxonomy":"product_cat","embeddable":true,"href":"https:\/\/sepp-jeux.fr\/en\/wp-json\/wp\/v2\/product_cat?post=3177"},{"taxonomy":"product_tag","embeddable":true,"href":"https:\/\/sepp-jeux.fr\/en\/wp-json\/wp\/v2\/product_tag?post=3177"},{"taxonomy":"age","embeddable":true,"href":"https:\/\/sepp-jeux.fr\/en\/wp-json\/wp\/v2\/age?post=3177"},{"taxonomy":"player","embeddable":true,"href":"https:\/\/sepp-jeux.fr\/en\/wp-json\/wp\/v2\/player?post=3177"}],"curies":[{"name":"wp","href":"https:\/\/api.w.org\/{rel}","templated":true}]}}