{"id":4058,"date":"2023-10-03T08:08:54","date_gmt":"2023-10-03T06:08:54","guid":{"rendered":"https:\/\/sepp-jeux.fr\/jeux\/uncategorized\/iotobo-6-maxi\/"},"modified":"2023-10-03T08:08:54","modified_gmt":"2023-10-03T06:08:54","slug":"iotobo-6-maxi","status":"publish","type":"product","link":"https:\/\/sepp-jeux.fr\/en\/games\/general-public\/iotobo-classic-en\/iotobo-6-maxi\/","title":{"rendered":"iOTOBO 6+ Maxi"},"content":{"rendered":"<p>2 tailles de magnets pour 2 fois plus de cr\u00e9ativit\u00e9! iOTOBO 6+ Maxi propose des mod\u00e8les \u00e0 la forme ou par num\u00e9ro et promet \u00e0 nos plus grands d&#8217;infinies possibilit\u00e9s de cr\u00e9ation de motifs figuratifs\u2026ou pas : place \u00e0 l&#8217;inspiration!<\/p>\n<p>Et en bo\u00eete Maxi, plus de mod\u00e8les, plus de magnets, plus de couleurs, plus de temps de jeu!<\/p>\n<p>Fabriqu\u00e9 en France.<\/p>\n<p><img fetchpriority=\"high\" decoding=\"async\" class=\"alignnone size-medium wp-image-3969\" src=\"https:\/\/sepp-jeux.fr\/wp-content\/uploads\/2023\/10\/IMG_0391-225x300.jpg\" alt=\"Lucky Sophie iTB 6 Maxi\" width=\"225\" height=\"300\" data-mce-src=\"https:\/\/sepp-jeux.fr\/wp-content\/uploads\/2023\/10\/IMG_0391-225x300.jpg\" srcset=\"https:\/\/sepp-jeux.fr\/wp-content\/uploads\/2023\/10\/IMG_0391-225x300.jpg 225w, https:\/\/sepp-jeux.fr\/wp-content\/uploads\/2023\/10\/IMG_0391-scaled-300x400.jpg 300w, https:\/\/sepp-jeux.fr\/wp-content\/uploads\/2023\/10\/IMG_0391-scaled-1000x1333.jpg 1000w, https:\/\/sepp-jeux.fr\/wp-content\/uploads\/2023\/10\/IMG_0391-768x1024.jpg 768w, https:\/\/sepp-jeux.fr\/wp-content\/uploads\/2023\/10\/IMG_0391-113x150.jpg 113w, https:\/\/sepp-jeux.fr\/wp-content\/uploads\/2023\/10\/IMG_0391-1152x1536.jpg 1152w, https:\/\/sepp-jeux.fr\/wp-content\/uploads\/2023\/10\/IMG_0391-1536x2048.jpg 1536w, https:\/\/sepp-jeux.fr\/wp-content\/uploads\/2023\/10\/IMG_0391-scaled.jpg 1920w\" sizes=\"(max-width: 225px) 100vw, 225px\" \/><\/p>\n","protected":false},"excerpt":{"rendered":"<p><strong>Contenu:<\/strong><\/p>\n<p>-1 tableau magn\u00e9tique de 28 x 28cm.<\/p>\n<p>-200 magnets \u00e9pais de 2 tailles diff\u00e9rentes en 12 couleurs.<\/p>\n<p>-155 mod\u00e8les avec 3 niveaux de jeu.<\/p>\n","protected":false},"featured_media":3964,"template":"","meta":[],"product_brand":[],"product_cat":[218,224],"product_tag":[298,282,345,289,283,307,309,297,294,281,284,299,280,295,296,279],"age":[265,380],"player":[376],"class_list":{"0":"post-4058","1":"product","2":"type-product","3":"status-publish","4":"has-post-thumbnail","6":"product_cat-general-public","7":"product_cat-iotobo-classic-en","8":"product_tag-child","9":"product_tag-colorful","10":"product_tag-colorful-en","11":"product_tag-creative","12":"product_tag-creativity","13":"product_tag-educative-game","14":"product_tag-gift","15":"product_tag-graphism","16":"product_tag-iotobo-en","17":"product_tag-learning","18":"product_tag-made-in-france","19":"product_tag-made-in-france-en","20":"product_tag-magnetic","21":"product_tag-magnetic-game","22":"product_tag-mosaic-game","23":"product_tag-sepp-jeux-en","24":"age-6-year-olds","25":"age-7-ans-en","26":"player-1-player","28":"first","29":"instock","30":"sold-individually","31":"shipping-taxable","32":"product-type-simple"},"yoast_head":"<!-- This site is optimized with the Yoast SEO plugin v27.5 - https:\/\/yoast.com\/product\/yoast-seo-wordpress\/ -->\n<title>iOTOBO 6+ Maxi &#8211; SEPP Jeux<\/title>\n<meta name=\"description\" content=\"Jeu magn\u00e9tique iOTOBO 6+ Maxi 200 magnets SEPP Jeux . Un jeu cr\u00e9atif, \u00e9ducatif fabriqu\u00e9 en France pour les enfants de 6 ans et plus!\" \/>\n<meta name=\"robots\" content=\"index, follow, max-snippet:-1, max-image-preview:large, max-video-preview:-1\" \/>\n<link rel=\"canonical\" href=\"https:\/\/sepp-jeux.fr\/en\/games\/general-public\/iotobo-classic-en\/iotobo-6-maxi\/\" \/>\n<meta property=\"og:locale\" content=\"en_US\" \/>\n<meta property=\"og:type\" content=\"article\" \/>\n<meta property=\"og:title\" content=\"iOTOBO 6+ Maxi &#8211; SEPP Jeux\" \/>\n<meta property=\"og:description\" content=\"Jeu magn\u00e9tique iOTOBO 6+ Maxi 200 magnets SEPP Jeux . Un jeu cr\u00e9atif, \u00e9ducatif fabriqu\u00e9 en France pour les enfants de 6 ans et plus!\" \/>\n<meta property=\"og:url\" content=\"https:\/\/sepp-jeux.fr\/en\/games\/general-public\/iotobo-classic-en\/iotobo-6-maxi\/\" \/>\n<meta property=\"og:site_name\" content=\"SEPP Jeux\" \/>\n<meta property=\"article:publisher\" content=\"https:\/\/www.facebook.com\/SEPPJeux\/\" \/>\n<meta property=\"og:image\" content=\"https:\/\/sepp-jeux.fr\/wp-content\/uploads\/2023\/10\/iTN-6-maxi-verti-G.jpg\" \/>\n\t<meta property=\"og:image:width\" content=\"1772\" \/>\n\t<meta property=\"og:image:height\" content=\"1428\" \/>\n\t<meta property=\"og:image:type\" content=\"image\/jpeg\" \/>\n<meta name=\"twitter:card\" content=\"summary_large_image\" \/>\n<script type=\"application\/ld+json\" class=\"yoast-schema-graph\">{\"@context\":\"https:\\\/\\\/schema.org\",\"@graph\":[{\"@type\":\"WebPage\",\"@id\":\"https:\\\/\\\/sepp-jeux.fr\\\/en\\\/games\\\/general-public\\\/iotobo-classic-en\\\/iotobo-6-maxi\\\/\",\"url\":\"https:\\\/\\\/sepp-jeux.fr\\\/en\\\/games\\\/general-public\\\/iotobo-classic-en\\\/iotobo-6-maxi\\\/\",\"name\":\"iOTOBO 6+ Maxi &#8211; SEPP Jeux\",\"isPartOf\":{\"@id\":\"https:\\\/\\\/sepp-jeux.fr\\\/en\\\/#website\"},\"primaryImageOfPage\":{\"@id\":\"https:\\\/\\\/sepp-jeux.fr\\\/en\\\/games\\\/general-public\\\/iotobo-classic-en\\\/iotobo-6-maxi\\\/#primaryimage\"},\"image\":{\"@id\":\"https:\\\/\\\/sepp-jeux.fr\\\/en\\\/games\\\/general-public\\\/iotobo-classic-en\\\/iotobo-6-maxi\\\/#primaryimage\"},\"thumbnailUrl\":\"https:\\\/\\\/sepp-jeux.fr\\\/wp-content\\\/uploads\\\/2023\\\/10\\\/iTN-6-maxi-verti-G.jpg\",\"datePublished\":\"2023-10-03T06:08:54+00:00\",\"description\":\"Jeu magn\u00e9tique iOTOBO 6+ Maxi 200 magnets SEPP Jeux . Un jeu cr\u00e9atif, \u00e9ducatif fabriqu\u00e9 en France pour les enfants de 6 ans et plus!\",\"breadcrumb\":{\"@id\":\"https:\\\/\\\/sepp-jeux.fr\\\/en\\\/games\\\/general-public\\\/iotobo-classic-en\\\/iotobo-6-maxi\\\/#breadcrumb\"},\"inLanguage\":\"en-US\",\"potentialAction\":[{\"@type\":\"ReadAction\",\"target\":[\"https:\\\/\\\/sepp-jeux.fr\\\/en\\\/games\\\/general-public\\\/iotobo-classic-en\\\/iotobo-6-maxi\\\/\"]}]},{\"@type\":\"ImageObject\",\"inLanguage\":\"en-US\",\"@id\":\"https:\\\/\\\/sepp-jeux.fr\\\/en\\\/games\\\/general-public\\\/iotobo-classic-en\\\/iotobo-6-maxi\\\/#primaryimage\",\"url\":\"https:\\\/\\\/sepp-jeux.fr\\\/wp-content\\\/uploads\\\/2023\\\/10\\\/iTN-6-maxi-verti-G.jpg\",\"contentUrl\":\"https:\\\/\\\/sepp-jeux.fr\\\/wp-content\\\/uploads\\\/2023\\\/10\\\/iTN-6-maxi-verti-G.jpg\",\"width\":1772,\"height\":1428,\"caption\":\"iotobo 6+ Maxi\"},{\"@type\":\"BreadcrumbList\",\"@id\":\"https:\\\/\\\/sepp-jeux.fr\\\/en\\\/games\\\/general-public\\\/iotobo-classic-en\\\/iotobo-6-maxi\\\/#breadcrumb\",\"itemListElement\":[{\"@type\":\"ListItem\",\"position\":1,\"name\":\"Accueil\",\"item\":\"https:\\\/\\\/sepp-jeux.fr\\\/en\\\/\"},{\"@type\":\"ListItem\",\"position\":2,\"name\":\"Tous nos jeux\",\"item\":\"https:\\\/\\\/sepp-jeux.fr\\\/nos-produits\\\/tous-nos-jeux\\\/\"},{\"@type\":\"ListItem\",\"position\":3,\"name\":\"General public\",\"item\":\"https:\\\/\\\/sepp-jeux.fr\\\/en\\\/line\\\/general-public\\\/\"},{\"@type\":\"ListItem\",\"position\":4,\"name\":\"iOTOBO 6+ Maxi\"}]},{\"@type\":\"WebSite\",\"@id\":\"https:\\\/\\\/sepp-jeux.fr\\\/en\\\/#website\",\"url\":\"https:\\\/\\\/sepp-jeux.fr\\\/en\\\/\",\"name\":\"SEPP Jeux\",\"description\":\"\u00c9diteur et fabricant fran\u00e7ais de jeux magn\u00e9tiques et tableaux m\u00e9talliques\",\"publisher\":{\"@id\":\"https:\\\/\\\/sepp-jeux.fr\\\/en\\\/#organization\"},\"potentialAction\":[{\"@type\":\"SearchAction\",\"target\":{\"@type\":\"EntryPoint\",\"urlTemplate\":\"https:\\\/\\\/sepp-jeux.fr\\\/en\\\/?s={search_term_string}\"},\"query-input\":{\"@type\":\"PropertyValueSpecification\",\"valueRequired\":true,\"valueName\":\"search_term_string\"}}],\"inLanguage\":\"en-US\"},{\"@type\":\"Organization\",\"@id\":\"https:\\\/\\\/sepp-jeux.fr\\\/en\\\/#organization\",\"name\":\"SEPP Jeux\",\"url\":\"https:\\\/\\\/sepp-jeux.fr\\\/en\\\/\",\"logo\":{\"@type\":\"ImageObject\",\"inLanguage\":\"en-US\",\"@id\":\"https:\\\/\\\/sepp-jeux.fr\\\/en\\\/#\\\/schema\\\/logo\\\/image\\\/\",\"url\":\"https:\\\/\\\/sepp-jeux.fr\\\/wp-content\\\/uploads\\\/2020\\\/03\\\/Logotype_Couleurs.png\",\"contentUrl\":\"https:\\\/\\\/sepp-jeux.fr\\\/wp-content\\\/uploads\\\/2020\\\/03\\\/Logotype_Couleurs.png\",\"width\":3126,\"height\":3125,\"caption\":\"SEPP Jeux\"},\"image\":{\"@id\":\"https:\\\/\\\/sepp-jeux.fr\\\/en\\\/#\\\/schema\\\/logo\\\/image\\\/\"},\"sameAs\":[\"https:\\\/\\\/www.facebook.com\\\/SEPPJeux\\\/\",\"https:\\\/\\\/www.instagram.com\\\/seppjeux\",\"https:\\\/\\\/www.linkedin.com\\\/company\\\/sepp-inc\\\/\",\"https:\\\/\\\/www.youtube.com\\\/channel\\\/UCU-BolRtw4LBnzZz_Jd6UYQ\"]}]}<\/script>\n<!-- \/ Yoast SEO plugin. -->","yoast_head_json":{"title":"iOTOBO 6+ Maxi &#8211; SEPP Jeux","description":"Jeu magn\u00e9tique iOTOBO 6+ Maxi 200 magnets SEPP Jeux . Un jeu cr\u00e9atif, \u00e9ducatif fabriqu\u00e9 en France pour les enfants de 6 ans et plus!","robots":{"index":"index","follow":"follow","max-snippet":"max-snippet:-1","max-image-preview":"max-image-preview:large","max-video-preview":"max-video-preview:-1"},"canonical":"https:\/\/sepp-jeux.fr\/en\/games\/general-public\/iotobo-classic-en\/iotobo-6-maxi\/","og_locale":"en_US","og_type":"article","og_title":"iOTOBO 6+ Maxi &#8211; SEPP Jeux","og_description":"Jeu magn\u00e9tique iOTOBO 6+ Maxi 200 magnets SEPP Jeux . Un jeu cr\u00e9atif, \u00e9ducatif fabriqu\u00e9 en France pour les enfants de 6 ans et plus!","og_url":"https:\/\/sepp-jeux.fr\/en\/games\/general-public\/iotobo-classic-en\/iotobo-6-maxi\/","og_site_name":"SEPP Jeux","article_publisher":"https:\/\/www.facebook.com\/SEPPJeux\/","og_image":[{"width":1772,"height":1428,"url":"https:\/\/sepp-jeux.fr\/wp-content\/uploads\/2023\/10\/iTN-6-maxi-verti-G.jpg","type":"image\/jpeg"}],"twitter_card":"summary_large_image","schema":{"@context":"https:\/\/schema.org","@graph":[{"@type":"WebPage","@id":"https:\/\/sepp-jeux.fr\/en\/games\/general-public\/iotobo-classic-en\/iotobo-6-maxi\/","url":"https:\/\/sepp-jeux.fr\/en\/games\/general-public\/iotobo-classic-en\/iotobo-6-maxi\/","name":"iOTOBO 6+ Maxi &#8211; SEPP Jeux","isPartOf":{"@id":"https:\/\/sepp-jeux.fr\/en\/#website"},"primaryImageOfPage":{"@id":"https:\/\/sepp-jeux.fr\/en\/games\/general-public\/iotobo-classic-en\/iotobo-6-maxi\/#primaryimage"},"image":{"@id":"https:\/\/sepp-jeux.fr\/en\/games\/general-public\/iotobo-classic-en\/iotobo-6-maxi\/#primaryimage"},"thumbnailUrl":"https:\/\/sepp-jeux.fr\/wp-content\/uploads\/2023\/10\/iTN-6-maxi-verti-G.jpg","datePublished":"2023-10-03T06:08:54+00:00","description":"Jeu magn\u00e9tique iOTOBO 6+ Maxi 200 magnets SEPP Jeux . Un jeu cr\u00e9atif, \u00e9ducatif fabriqu\u00e9 en France pour les enfants de 6 ans et plus!","breadcrumb":{"@id":"https:\/\/sepp-jeux.fr\/en\/games\/general-public\/iotobo-classic-en\/iotobo-6-maxi\/#breadcrumb"},"inLanguage":"en-US","potentialAction":[{"@type":"ReadAction","target":["https:\/\/sepp-jeux.fr\/en\/games\/general-public\/iotobo-classic-en\/iotobo-6-maxi\/"]}]},{"@type":"ImageObject","inLanguage":"en-US","@id":"https:\/\/sepp-jeux.fr\/en\/games\/general-public\/iotobo-classic-en\/iotobo-6-maxi\/#primaryimage","url":"https:\/\/sepp-jeux.fr\/wp-content\/uploads\/2023\/10\/iTN-6-maxi-verti-G.jpg","contentUrl":"https:\/\/sepp-jeux.fr\/wp-content\/uploads\/2023\/10\/iTN-6-maxi-verti-G.jpg","width":1772,"height":1428,"caption":"iotobo 6+ Maxi"},{"@type":"BreadcrumbList","@id":"https:\/\/sepp-jeux.fr\/en\/games\/general-public\/iotobo-classic-en\/iotobo-6-maxi\/#breadcrumb","itemListElement":[{"@type":"ListItem","position":1,"name":"Accueil","item":"https:\/\/sepp-jeux.fr\/en\/"},{"@type":"ListItem","position":2,"name":"Tous nos jeux","item":"https:\/\/sepp-jeux.fr\/nos-produits\/tous-nos-jeux\/"},{"@type":"ListItem","position":3,"name":"General public","item":"https:\/\/sepp-jeux.fr\/en\/line\/general-public\/"},{"@type":"ListItem","position":4,"name":"iOTOBO 6+ Maxi"}]},{"@type":"WebSite","@id":"https:\/\/sepp-jeux.fr\/en\/#website","url":"https:\/\/sepp-jeux.fr\/en\/","name":"SEPP Jeux","description":"\u00c9diteur et fabricant fran\u00e7ais de jeux magn\u00e9tiques et tableaux m\u00e9talliques","publisher":{"@id":"https:\/\/sepp-jeux.fr\/en\/#organization"},"potentialAction":[{"@type":"SearchAction","target":{"@type":"EntryPoint","urlTemplate":"https:\/\/sepp-jeux.fr\/en\/?s={search_term_string}"},"query-input":{"@type":"PropertyValueSpecification","valueRequired":true,"valueName":"search_term_string"}}],"inLanguage":"en-US"},{"@type":"Organization","@id":"https:\/\/sepp-jeux.fr\/en\/#organization","name":"SEPP Jeux","url":"https:\/\/sepp-jeux.fr\/en\/","logo":{"@type":"ImageObject","inLanguage":"en-US","@id":"https:\/\/sepp-jeux.fr\/en\/#\/schema\/logo\/image\/","url":"https:\/\/sepp-jeux.fr\/wp-content\/uploads\/2020\/03\/Logotype_Couleurs.png","contentUrl":"https:\/\/sepp-jeux.fr\/wp-content\/uploads\/2020\/03\/Logotype_Couleurs.png","width":3126,"height":3125,"caption":"SEPP Jeux"},"image":{"@id":"https:\/\/sepp-jeux.fr\/en\/#\/schema\/logo\/image\/"},"sameAs":["https:\/\/www.facebook.com\/SEPPJeux\/","https:\/\/www.instagram.com\/seppjeux","https:\/\/www.linkedin.com\/company\/sepp-inc\/","https:\/\/www.youtube.com\/channel\/UCU-BolRtw4LBnzZz_Jd6UYQ"]}]}},"_links":{"self":[{"href":"https:\/\/sepp-jeux.fr\/en\/wp-json\/wp\/v2\/product\/4058","targetHints":{"allow":["GET"]}}],"collection":[{"href":"https:\/\/sepp-jeux.fr\/en\/wp-json\/wp\/v2\/product"}],"about":[{"href":"https:\/\/sepp-jeux.fr\/en\/wp-json\/wp\/v2\/types\/product"}],"version-history":[{"count":0,"href":"https:\/\/sepp-jeux.fr\/en\/wp-json\/wp\/v2\/product\/4058\/revisions"}],"wp:featuredmedia":[{"embeddable":true,"href":"https:\/\/sepp-jeux.fr\/en\/wp-json\/wp\/v2\/media\/3964"}],"wp:attachment":[{"href":"https:\/\/sepp-jeux.fr\/en\/wp-json\/wp\/v2\/media?parent=4058"}],"wp:term":[{"taxonomy":"product_brand","embeddable":true,"href":"https:\/\/sepp-jeux.fr\/en\/wp-json\/wp\/v2\/product_brand?post=4058"},{"taxonomy":"product_cat","embeddable":true,"href":"https:\/\/sepp-jeux.fr\/en\/wp-json\/wp\/v2\/product_cat?post=4058"},{"taxonomy":"product_tag","embeddable":true,"href":"https:\/\/sepp-jeux.fr\/en\/wp-json\/wp\/v2\/product_tag?post=4058"},{"taxonomy":"age","embeddable":true,"href":"https:\/\/sepp-jeux.fr\/en\/wp-json\/wp\/v2\/age?post=4058"},{"taxonomy":"player","embeddable":true,"href":"https:\/\/sepp-jeux.fr\/en\/wp-json\/wp\/v2\/player?post=4058"}],"curies":[{"name":"wp","href":"https:\/\/api.w.org\/{rel}","templated":true}]}}