{"id":4073,"date":"2023-10-02T16:35:05","date_gmt":"2023-10-02T14:35:05","guid":{"rendered":"https:\/\/sepp-jeux.fr\/jeux\/uncategorized\/iotobo-3-basic\/"},"modified":"2024-03-26T08:49:56","modified_gmt":"2024-03-26T07:49:56","slug":"iotobo-3-basic","status":"publish","type":"product","link":"https:\/\/sepp-jeux.fr\/en\/games\/general-public\/iotobo-classic-en\/iotobo-3-basic\/","title":{"rendered":"iOTOBO 3+ Basic"},"content":{"rendered":"<p>Place \u00e0 la cr\u00e9ativit\u00e9 de nos plus jeunes talents : iOTOBO 3+ Basic, con\u00e7u pour les petits, propose de grands magnets \u00e9pais et souples, faciles \u00e0 manipuler directement sur le tableau de jeu. Des mod\u00e8les \u00e0 la forme ou \u00e0 la couleur \u00e0 reproduire et des dizaines de cr\u00e9ations en perspective!<\/p>\n<p>Fabriqu\u00e9 en France.<\/p>\n","protected":false},"excerpt":{"rendered":"<p><strong>Contenu:<\/strong><\/p>\n<p>-1 tableau magn\u00e9tique de 22 x 24cm.<\/p>\n<p>-28 magnets \u00e9pais de grande taille en 4 couleurs.<\/p>\n<p>-15 mod\u00e8les avec 4 niveaux de jeu.<\/p>\n","protected":false},"featured_media":3928,"template":"","meta":[],"product_brand":[],"product_cat":[218,224],"product_tag":[289,307,294,281,284,295,296,279],"age":[382,381],"player":[376],"class_list":{"0":"post-4073","1":"product","2":"type-product","3":"status-publish","4":"has-post-thumbnail","6":"product_cat-general-public","7":"product_cat-iotobo-classic-en","8":"product_tag-creative","9":"product_tag-educative-game","10":"product_tag-iotobo-en","11":"product_tag-learning","12":"product_tag-made-in-france","13":"product_tag-magnetic-game","14":"product_tag-mosaic-game","15":"product_tag-sepp-jeux-en","16":"age-3-en-2","17":"age-4-en-2","18":"player-1-player","20":"first","21":"instock","22":"sold-individually","23":"shipping-taxable","24":"product-type-simple"},"yoast_head":"<!-- This site is optimized with the Yoast SEO plugin v27.3 - https:\/\/yoast.com\/product\/yoast-seo-wordpress\/ -->\n<title>iOTOBO 3+ Basic &#8211; SEPP Jeux<\/title>\n<meta name=\"description\" content=\"Jeu magn\u00e9tique iOTOBO 3+ Basic 28 magnets SEPP Jeux . Un jeu cr\u00e9atif, \u00e9ducatif fabriqu\u00e9 en France pour les enfants de 3 ans et plus!\" \/>\n<meta name=\"robots\" content=\"index, follow, max-snippet:-1, max-image-preview:large, max-video-preview:-1\" \/>\n<link rel=\"canonical\" href=\"https:\/\/sepp-jeux.fr\/en\/games\/general-public\/iotobo-classic-en\/iotobo-3-basic\/\" \/>\n<meta property=\"og:locale\" content=\"en_US\" \/>\n<meta property=\"og:type\" content=\"article\" \/>\n<meta property=\"og:title\" content=\"iOTOBO 3+ Basic &#8211; SEPP Jeux\" \/>\n<meta property=\"og:description\" content=\"Jeu magn\u00e9tique iOTOBO 3+ Basic 28 magnets SEPP Jeux . Un jeu cr\u00e9atif, \u00e9ducatif fabriqu\u00e9 en France pour les enfants de 3 ans et plus!\" \/>\n<meta property=\"og:url\" content=\"https:\/\/sepp-jeux.fr\/en\/games\/general-public\/iotobo-classic-en\/iotobo-3-basic\/\" \/>\n<meta property=\"og:site_name\" content=\"SEPP Jeux\" \/>\n<meta property=\"article:publisher\" content=\"https:\/\/www.facebook.com\/SEPPJeux\/\" \/>\n<meta property=\"article:modified_time\" content=\"2024-03-26T07:49:56+00:00\" \/>\n<meta property=\"og:image\" content=\"https:\/\/sepp-jeux.fr\/wp-content\/uploads\/2023\/10\/iTN-3-verti-G.jpg\" \/>\n\t<meta property=\"og:image:width\" content=\"1656\" \/>\n\t<meta property=\"og:image:height\" content=\"1506\" \/>\n\t<meta property=\"og:image:type\" content=\"image\/jpeg\" \/>\n<meta name=\"twitter:card\" content=\"summary_large_image\" \/>\n<script type=\"application\/ld+json\" class=\"yoast-schema-graph\">{\"@context\":\"https:\\\/\\\/schema.org\",\"@graph\":[{\"@type\":\"WebPage\",\"@id\":\"https:\\\/\\\/sepp-jeux.fr\\\/en\\\/games\\\/general-public\\\/iotobo-classic-en\\\/iotobo-3-basic\\\/\",\"url\":\"https:\\\/\\\/sepp-jeux.fr\\\/en\\\/games\\\/general-public\\\/iotobo-classic-en\\\/iotobo-3-basic\\\/\",\"name\":\"iOTOBO 3+ Basic &#8211; SEPP Jeux\",\"isPartOf\":{\"@id\":\"https:\\\/\\\/sepp-jeux.fr\\\/en\\\/#website\"},\"primaryImageOfPage\":{\"@id\":\"https:\\\/\\\/sepp-jeux.fr\\\/en\\\/games\\\/general-public\\\/iotobo-classic-en\\\/iotobo-3-basic\\\/#primaryimage\"},\"image\":{\"@id\":\"https:\\\/\\\/sepp-jeux.fr\\\/en\\\/games\\\/general-public\\\/iotobo-classic-en\\\/iotobo-3-basic\\\/#primaryimage\"},\"thumbnailUrl\":\"https:\\\/\\\/sepp-jeux.fr\\\/wp-content\\\/uploads\\\/2023\\\/10\\\/iTN-3-verti-G.jpg\",\"datePublished\":\"2023-10-02T14:35:05+00:00\",\"dateModified\":\"2024-03-26T07:49:56+00:00\",\"description\":\"Jeu magn\u00e9tique iOTOBO 3+ Basic 28 magnets SEPP Jeux . Un jeu cr\u00e9atif, \u00e9ducatif fabriqu\u00e9 en France pour les enfants de 3 ans et plus!\",\"breadcrumb\":{\"@id\":\"https:\\\/\\\/sepp-jeux.fr\\\/en\\\/games\\\/general-public\\\/iotobo-classic-en\\\/iotobo-3-basic\\\/#breadcrumb\"},\"inLanguage\":\"en-US\",\"potentialAction\":[{\"@type\":\"ReadAction\",\"target\":[\"https:\\\/\\\/sepp-jeux.fr\\\/en\\\/games\\\/general-public\\\/iotobo-classic-en\\\/iotobo-3-basic\\\/\"]}]},{\"@type\":\"ImageObject\",\"inLanguage\":\"en-US\",\"@id\":\"https:\\\/\\\/sepp-jeux.fr\\\/en\\\/games\\\/general-public\\\/iotobo-classic-en\\\/iotobo-3-basic\\\/#primaryimage\",\"url\":\"https:\\\/\\\/sepp-jeux.fr\\\/wp-content\\\/uploads\\\/2023\\\/10\\\/iTN-3-verti-G.jpg\",\"contentUrl\":\"https:\\\/\\\/sepp-jeux.fr\\\/wp-content\\\/uploads\\\/2023\\\/10\\\/iTN-3-verti-G.jpg\",\"width\":1656,\"height\":1506},{\"@type\":\"BreadcrumbList\",\"@id\":\"https:\\\/\\\/sepp-jeux.fr\\\/en\\\/games\\\/general-public\\\/iotobo-classic-en\\\/iotobo-3-basic\\\/#breadcrumb\",\"itemListElement\":[{\"@type\":\"ListItem\",\"position\":1,\"name\":\"Accueil\",\"item\":\"https:\\\/\\\/sepp-jeux.fr\\\/en\\\/\"},{\"@type\":\"ListItem\",\"position\":2,\"name\":\"Tous nos jeux\",\"item\":\"https:\\\/\\\/sepp-jeux.fr\\\/nos-produits\\\/tous-nos-jeux\\\/\"},{\"@type\":\"ListItem\",\"position\":3,\"name\":\"General public\",\"item\":\"https:\\\/\\\/sepp-jeux.fr\\\/en\\\/line\\\/general-public\\\/\"},{\"@type\":\"ListItem\",\"position\":4,\"name\":\"iOTOBO 3+ Basic\"}]},{\"@type\":\"WebSite\",\"@id\":\"https:\\\/\\\/sepp-jeux.fr\\\/en\\\/#website\",\"url\":\"https:\\\/\\\/sepp-jeux.fr\\\/en\\\/\",\"name\":\"SEPP Jeux\",\"description\":\"\u00c9diteur et fabricant fran\u00e7ais de jeux magn\u00e9tiques et tableaux m\u00e9talliques\",\"publisher\":{\"@id\":\"https:\\\/\\\/sepp-jeux.fr\\\/en\\\/#organization\"},\"potentialAction\":[{\"@type\":\"SearchAction\",\"target\":{\"@type\":\"EntryPoint\",\"urlTemplate\":\"https:\\\/\\\/sepp-jeux.fr\\\/en\\\/?s={search_term_string}\"},\"query-input\":{\"@type\":\"PropertyValueSpecification\",\"valueRequired\":true,\"valueName\":\"search_term_string\"}}],\"inLanguage\":\"en-US\"},{\"@type\":\"Organization\",\"@id\":\"https:\\\/\\\/sepp-jeux.fr\\\/en\\\/#organization\",\"name\":\"SEPP Jeux\",\"url\":\"https:\\\/\\\/sepp-jeux.fr\\\/en\\\/\",\"logo\":{\"@type\":\"ImageObject\",\"inLanguage\":\"en-US\",\"@id\":\"https:\\\/\\\/sepp-jeux.fr\\\/en\\\/#\\\/schema\\\/logo\\\/image\\\/\",\"url\":\"https:\\\/\\\/sepp-jeux.fr\\\/wp-content\\\/uploads\\\/2020\\\/03\\\/Logotype_Couleurs.png\",\"contentUrl\":\"https:\\\/\\\/sepp-jeux.fr\\\/wp-content\\\/uploads\\\/2020\\\/03\\\/Logotype_Couleurs.png\",\"width\":3126,\"height\":3125,\"caption\":\"SEPP Jeux\"},\"image\":{\"@id\":\"https:\\\/\\\/sepp-jeux.fr\\\/en\\\/#\\\/schema\\\/logo\\\/image\\\/\"},\"sameAs\":[\"https:\\\/\\\/www.facebook.com\\\/SEPPJeux\\\/\",\"https:\\\/\\\/www.instagram.com\\\/seppjeux\",\"https:\\\/\\\/www.linkedin.com\\\/company\\\/sepp-inc\\\/\",\"https:\\\/\\\/www.youtube.com\\\/channel\\\/UCU-BolRtw4LBnzZz_Jd6UYQ\"]}]}<\/script>\n<!-- \/ Yoast SEO plugin. -->","yoast_head_json":{"title":"iOTOBO 3+ Basic &#8211; SEPP Jeux","description":"Jeu magn\u00e9tique iOTOBO 3+ Basic 28 magnets SEPP Jeux . Un jeu cr\u00e9atif, \u00e9ducatif fabriqu\u00e9 en France pour les enfants de 3 ans et plus!","robots":{"index":"index","follow":"follow","max-snippet":"max-snippet:-1","max-image-preview":"max-image-preview:large","max-video-preview":"max-video-preview:-1"},"canonical":"https:\/\/sepp-jeux.fr\/en\/games\/general-public\/iotobo-classic-en\/iotobo-3-basic\/","og_locale":"en_US","og_type":"article","og_title":"iOTOBO 3+ Basic &#8211; SEPP Jeux","og_description":"Jeu magn\u00e9tique iOTOBO 3+ Basic 28 magnets SEPP Jeux . Un jeu cr\u00e9atif, \u00e9ducatif fabriqu\u00e9 en France pour les enfants de 3 ans et plus!","og_url":"https:\/\/sepp-jeux.fr\/en\/games\/general-public\/iotobo-classic-en\/iotobo-3-basic\/","og_site_name":"SEPP Jeux","article_publisher":"https:\/\/www.facebook.com\/SEPPJeux\/","article_modified_time":"2024-03-26T07:49:56+00:00","og_image":[{"width":1656,"height":1506,"url":"https:\/\/sepp-jeux.fr\/wp-content\/uploads\/2023\/10\/iTN-3-verti-G.jpg","type":"image\/jpeg"}],"twitter_card":"summary_large_image","schema":{"@context":"https:\/\/schema.org","@graph":[{"@type":"WebPage","@id":"https:\/\/sepp-jeux.fr\/en\/games\/general-public\/iotobo-classic-en\/iotobo-3-basic\/","url":"https:\/\/sepp-jeux.fr\/en\/games\/general-public\/iotobo-classic-en\/iotobo-3-basic\/","name":"iOTOBO 3+ Basic &#8211; SEPP Jeux","isPartOf":{"@id":"https:\/\/sepp-jeux.fr\/en\/#website"},"primaryImageOfPage":{"@id":"https:\/\/sepp-jeux.fr\/en\/games\/general-public\/iotobo-classic-en\/iotobo-3-basic\/#primaryimage"},"image":{"@id":"https:\/\/sepp-jeux.fr\/en\/games\/general-public\/iotobo-classic-en\/iotobo-3-basic\/#primaryimage"},"thumbnailUrl":"https:\/\/sepp-jeux.fr\/wp-content\/uploads\/2023\/10\/iTN-3-verti-G.jpg","datePublished":"2023-10-02T14:35:05+00:00","dateModified":"2024-03-26T07:49:56+00:00","description":"Jeu magn\u00e9tique iOTOBO 3+ Basic 28 magnets SEPP Jeux . Un jeu cr\u00e9atif, \u00e9ducatif fabriqu\u00e9 en France pour les enfants de 3 ans et plus!","breadcrumb":{"@id":"https:\/\/sepp-jeux.fr\/en\/games\/general-public\/iotobo-classic-en\/iotobo-3-basic\/#breadcrumb"},"inLanguage":"en-US","potentialAction":[{"@type":"ReadAction","target":["https:\/\/sepp-jeux.fr\/en\/games\/general-public\/iotobo-classic-en\/iotobo-3-basic\/"]}]},{"@type":"ImageObject","inLanguage":"en-US","@id":"https:\/\/sepp-jeux.fr\/en\/games\/general-public\/iotobo-classic-en\/iotobo-3-basic\/#primaryimage","url":"https:\/\/sepp-jeux.fr\/wp-content\/uploads\/2023\/10\/iTN-3-verti-G.jpg","contentUrl":"https:\/\/sepp-jeux.fr\/wp-content\/uploads\/2023\/10\/iTN-3-verti-G.jpg","width":1656,"height":1506},{"@type":"BreadcrumbList","@id":"https:\/\/sepp-jeux.fr\/en\/games\/general-public\/iotobo-classic-en\/iotobo-3-basic\/#breadcrumb","itemListElement":[{"@type":"ListItem","position":1,"name":"Accueil","item":"https:\/\/sepp-jeux.fr\/en\/"},{"@type":"ListItem","position":2,"name":"Tous nos jeux","item":"https:\/\/sepp-jeux.fr\/nos-produits\/tous-nos-jeux\/"},{"@type":"ListItem","position":3,"name":"General public","item":"https:\/\/sepp-jeux.fr\/en\/line\/general-public\/"},{"@type":"ListItem","position":4,"name":"iOTOBO 3+ Basic"}]},{"@type":"WebSite","@id":"https:\/\/sepp-jeux.fr\/en\/#website","url":"https:\/\/sepp-jeux.fr\/en\/","name":"SEPP Jeux","description":"\u00c9diteur et fabricant fran\u00e7ais de jeux magn\u00e9tiques et tableaux m\u00e9talliques","publisher":{"@id":"https:\/\/sepp-jeux.fr\/en\/#organization"},"potentialAction":[{"@type":"SearchAction","target":{"@type":"EntryPoint","urlTemplate":"https:\/\/sepp-jeux.fr\/en\/?s={search_term_string}"},"query-input":{"@type":"PropertyValueSpecification","valueRequired":true,"valueName":"search_term_string"}}],"inLanguage":"en-US"},{"@type":"Organization","@id":"https:\/\/sepp-jeux.fr\/en\/#organization","name":"SEPP Jeux","url":"https:\/\/sepp-jeux.fr\/en\/","logo":{"@type":"ImageObject","inLanguage":"en-US","@id":"https:\/\/sepp-jeux.fr\/en\/#\/schema\/logo\/image\/","url":"https:\/\/sepp-jeux.fr\/wp-content\/uploads\/2020\/03\/Logotype_Couleurs.png","contentUrl":"https:\/\/sepp-jeux.fr\/wp-content\/uploads\/2020\/03\/Logotype_Couleurs.png","width":3126,"height":3125,"caption":"SEPP Jeux"},"image":{"@id":"https:\/\/sepp-jeux.fr\/en\/#\/schema\/logo\/image\/"},"sameAs":["https:\/\/www.facebook.com\/SEPPJeux\/","https:\/\/www.instagram.com\/seppjeux","https:\/\/www.linkedin.com\/company\/sepp-inc\/","https:\/\/www.youtube.com\/channel\/UCU-BolRtw4LBnzZz_Jd6UYQ"]}]}},"_links":{"self":[{"href":"https:\/\/sepp-jeux.fr\/en\/wp-json\/wp\/v2\/product\/4073","targetHints":{"allow":["GET"]}}],"collection":[{"href":"https:\/\/sepp-jeux.fr\/en\/wp-json\/wp\/v2\/product"}],"about":[{"href":"https:\/\/sepp-jeux.fr\/en\/wp-json\/wp\/v2\/types\/product"}],"version-history":[{"count":1,"href":"https:\/\/sepp-jeux.fr\/en\/wp-json\/wp\/v2\/product\/4073\/revisions"}],"predecessor-version":[{"id":4074,"href":"https:\/\/sepp-jeux.fr\/en\/wp-json\/wp\/v2\/product\/4073\/revisions\/4074"}],"wp:featuredmedia":[{"embeddable":true,"href":"https:\/\/sepp-jeux.fr\/en\/wp-json\/wp\/v2\/media\/3928"}],"wp:attachment":[{"href":"https:\/\/sepp-jeux.fr\/en\/wp-json\/wp\/v2\/media?parent=4073"}],"wp:term":[{"taxonomy":"product_brand","embeddable":true,"href":"https:\/\/sepp-jeux.fr\/en\/wp-json\/wp\/v2\/product_brand?post=4073"},{"taxonomy":"product_cat","embeddable":true,"href":"https:\/\/sepp-jeux.fr\/en\/wp-json\/wp\/v2\/product_cat?post=4073"},{"taxonomy":"product_tag","embeddable":true,"href":"https:\/\/sepp-jeux.fr\/en\/wp-json\/wp\/v2\/product_tag?post=4073"},{"taxonomy":"age","embeddable":true,"href":"https:\/\/sepp-jeux.fr\/en\/wp-json\/wp\/v2\/age?post=4073"},{"taxonomy":"player","embeddable":true,"href":"https:\/\/sepp-jeux.fr\/en\/wp-json\/wp\/v2\/player?post=4073"}],"curies":[{"name":"wp","href":"https:\/\/api.w.org\/{rel}","templated":true}]}}