{"id":4075,"date":"2022-04-19T15:41:07","date_gmt":"2022-04-19T13:41:07","guid":{"rendered":"https:\/\/sepp-jeux.fr\/jeux\/uncategorized\/iotobo-travel-squirrel\/"},"modified":"2022-04-19T15:41:07","modified_gmt":"2022-04-19T13:41:07","slug":"iotobo-travel-squirrel","status":"publish","type":"product","link":"https:\/\/sepp-jeux.fr\/en\/games\/general-public\/iotobo-classic-en\/iotobo-travel-squirrel\/","title":{"rendered":"iOTOBO Travel Squirrel"},"content":{"rendered":"<p>Le jeu iOTOBO Voyage permettra aux enfants de se divertir dans les transports ou en d\u00e9placement. Sa bo\u00eete m\u00e9tallique, de format CD, sert de rangement mais \u00e9galement de support de jeu.<br \/>\nLe mod\u00e8le \u00c9cureuil propose 4 couleurs de magnets : orange, sable, fuchsia et turquoise. Toujours gr\u00e2ce au concept du iOTOBO, les enfants pourront utiliser les 3 formes disponibles pour inventer et reproduire de nombreux dessins : personnages, animaux, v\u00e9hicules, fleurs, etc.<\/p>\n<p>Pour en savoir plus, c&#8217;est <a href=\"https:\/\/youtu.be\/_hhrfqKQqg8\">ici<\/a>!<\/p>\n","protected":false},"excerpt":{"rendered":"<ul>\n<li>1 bo\u00eete m\u00e9tallique &#8211; Dimensions 125 x 140 mm (Pr\u00e9sentoir de 22 bo\u00eetes)<\/li>\n<li>40 magnets en mousse &#8211; Taille 20 mm<\/li>\n<li>4 couleurs par bo\u00eete : orange, sable, fuchsia, turquoise<\/li>\n<li>2 fiches avec des mod\u00e8les \u00e0 la taille des pi\u00e8ces<\/li>\n<li>60 mod\u00e8les \u00e0 reproduire<\/li>\n<\/ul>\n","protected":false},"featured_media":3216,"template":"","meta":[],"product_brand":[],"product_cat":[218,224],"product_tag":[315,298,345,282,289,307,309,297,294,281,299,302,280,295,296,335,317,303,279],"age":[383,273,265,380],"player":[376],"class_list":{"0":"post-4075","1":"product","2":"type-product","3":"status-publish","4":"has-post-thumbnail","6":"product_cat-general-public","7":"product_cat-iotobo-classic-en","8":"product_tag-awakening-game","9":"product_tag-child","10":"product_tag-colorful-en","11":"product_tag-colorful","12":"product_tag-creative","13":"product_tag-educative-game","14":"product_tag-gift","15":"product_tag-graphism","16":"product_tag-iotobo-en","17":"product_tag-learning","18":"product_tag-made-in-france-en","19":"product_tag-made-in-france-en-2","20":"product_tag-magnetic","21":"product_tag-magnetic-game","22":"product_tag-mosaic-game","23":"product_tag-playful","24":"product_tag-puzzle-en","25":"product_tag-sepp-en","26":"product_tag-sepp-jeux-en","27":"age-5-ans-en","28":"age-5-en","29":"age-6-year-olds","30":"age-7-ans-en","31":"player-1-player","33":"first","34":"instock","35":"sold-individually","36":"shipping-taxable","37":"product-type-simple"},"yoast_head":"<!-- This site is optimized with the Yoast SEO plugin v27.6 - https:\/\/yoast.com\/product\/yoast-seo-wordpress\/ -->\n<title>iOTOBO Jeu de voyage \u00c9cureuil &#8211; SEPP Jeux &#8211; Fabriqu\u00e9 en France<\/title>\n<meta name=\"description\" content=\"Un jeu de voyage \u00c9cureuil avec les 3 formes du iOTOBO. Pratique gr\u00e2ce \u00e0 sa bo\u00eete m\u00e9tallique qui sert \u00e9galement de support de jeu.\" \/>\n<meta name=\"robots\" content=\"index, follow, max-snippet:-1, max-image-preview:large, max-video-preview:-1\" \/>\n<link rel=\"canonical\" href=\"https:\/\/sepp-jeux.fr\/en\/games\/general-public\/iotobo-classic-en\/iotobo-travel-squirrel\/\" \/>\n<meta property=\"og:locale\" content=\"en_US\" \/>\n<meta property=\"og:type\" content=\"article\" \/>\n<meta property=\"og:title\" content=\"iOTOBO Jeu de voyage \u00c9cureuil &#8211; SEPP Jeux &#8211; Fabriqu\u00e9 en France\" \/>\n<meta property=\"og:description\" content=\"Un jeu de voyage \u00c9cureuil avec les 3 formes du iOTOBO. Pratique gr\u00e2ce \u00e0 sa bo\u00eete m\u00e9tallique qui sert \u00e9galement de support de jeu.\" \/>\n<meta property=\"og:url\" content=\"https:\/\/sepp-jeux.fr\/en\/games\/general-public\/iotobo-classic-en\/iotobo-travel-squirrel\/\" \/>\n<meta property=\"og:site_name\" content=\"SEPP Jeux\" \/>\n<meta property=\"article:publisher\" content=\"https:\/\/www.facebook.com\/SEPPJeux\/\" \/>\n<meta property=\"og:image\" content=\"https:\/\/sepp-jeux.fr\/wp-content\/uploads\/2022\/04\/ITN-CDEC-web.jpg\" \/>\n\t<meta property=\"og:image:width\" content=\"2362\" \/>\n\t<meta property=\"og:image:height\" content=\"1857\" \/>\n\t<meta property=\"og:image:type\" content=\"image\/jpeg\" \/>\n<meta name=\"twitter:card\" content=\"summary_large_image\" \/>\n<script type=\"application\/ld+json\" class=\"yoast-schema-graph\">{\"@context\":\"https:\\\/\\\/schema.org\",\"@graph\":[{\"@type\":\"WebPage\",\"@id\":\"https:\\\/\\\/sepp-jeux.fr\\\/en\\\/games\\\/general-public\\\/iotobo-classic-en\\\/iotobo-travel-squirrel\\\/\",\"url\":\"https:\\\/\\\/sepp-jeux.fr\\\/en\\\/games\\\/general-public\\\/iotobo-classic-en\\\/iotobo-travel-squirrel\\\/\",\"name\":\"iOTOBO Jeu de voyage \u00c9cureuil &#8211; SEPP Jeux &#8211; Fabriqu\u00e9 en France\",\"isPartOf\":{\"@id\":\"https:\\\/\\\/sepp-jeux.fr\\\/en\\\/#website\"},\"primaryImageOfPage\":{\"@id\":\"https:\\\/\\\/sepp-jeux.fr\\\/en\\\/games\\\/general-public\\\/iotobo-classic-en\\\/iotobo-travel-squirrel\\\/#primaryimage\"},\"image\":{\"@id\":\"https:\\\/\\\/sepp-jeux.fr\\\/en\\\/games\\\/general-public\\\/iotobo-classic-en\\\/iotobo-travel-squirrel\\\/#primaryimage\"},\"thumbnailUrl\":\"https:\\\/\\\/sepp-jeux.fr\\\/wp-content\\\/uploads\\\/2022\\\/04\\\/ITN-CDEC-web.jpg\",\"datePublished\":\"2022-04-19T13:41:07+00:00\",\"description\":\"Un jeu de voyage \u00c9cureuil avec les 3 formes du iOTOBO. Pratique gr\u00e2ce \u00e0 sa bo\u00eete m\u00e9tallique qui sert \u00e9galement de support de jeu.\",\"breadcrumb\":{\"@id\":\"https:\\\/\\\/sepp-jeux.fr\\\/en\\\/games\\\/general-public\\\/iotobo-classic-en\\\/iotobo-travel-squirrel\\\/#breadcrumb\"},\"inLanguage\":\"en-US\",\"potentialAction\":[{\"@type\":\"ReadAction\",\"target\":[\"https:\\\/\\\/sepp-jeux.fr\\\/en\\\/games\\\/general-public\\\/iotobo-classic-en\\\/iotobo-travel-squirrel\\\/\"]}]},{\"@type\":\"ImageObject\",\"inLanguage\":\"en-US\",\"@id\":\"https:\\\/\\\/sepp-jeux.fr\\\/en\\\/games\\\/general-public\\\/iotobo-classic-en\\\/iotobo-travel-squirrel\\\/#primaryimage\",\"url\":\"https:\\\/\\\/sepp-jeux.fr\\\/wp-content\\\/uploads\\\/2022\\\/04\\\/ITN-CDEC-web.jpg\",\"contentUrl\":\"https:\\\/\\\/sepp-jeux.fr\\\/wp-content\\\/uploads\\\/2022\\\/04\\\/ITN-CDEC-web.jpg\",\"width\":2362,\"height\":1857,\"caption\":\"Jeu magn\u00e9tique de voyage iOTOBO\"},{\"@type\":\"BreadcrumbList\",\"@id\":\"https:\\\/\\\/sepp-jeux.fr\\\/en\\\/games\\\/general-public\\\/iotobo-classic-en\\\/iotobo-travel-squirrel\\\/#breadcrumb\",\"itemListElement\":[{\"@type\":\"ListItem\",\"position\":1,\"name\":\"Accueil\",\"item\":\"https:\\\/\\\/sepp-jeux.fr\\\/en\\\/\"},{\"@type\":\"ListItem\",\"position\":2,\"name\":\"Tous nos jeux\",\"item\":\"https:\\\/\\\/sepp-jeux.fr\\\/nos-produits\\\/tous-nos-jeux\\\/\"},{\"@type\":\"ListItem\",\"position\":3,\"name\":\"General public\",\"item\":\"https:\\\/\\\/sepp-jeux.fr\\\/en\\\/line\\\/general-public\\\/\"},{\"@type\":\"ListItem\",\"position\":4,\"name\":\"iOTOBO Travel Squirrel\"}]},{\"@type\":\"WebSite\",\"@id\":\"https:\\\/\\\/sepp-jeux.fr\\\/en\\\/#website\",\"url\":\"https:\\\/\\\/sepp-jeux.fr\\\/en\\\/\",\"name\":\"SEPP Jeux\",\"description\":\"\u00c9diteur et fabricant fran\u00e7ais de jeux magn\u00e9tiques et tableaux m\u00e9talliques\",\"publisher\":{\"@id\":\"https:\\\/\\\/sepp-jeux.fr\\\/en\\\/#organization\"},\"potentialAction\":[{\"@type\":\"SearchAction\",\"target\":{\"@type\":\"EntryPoint\",\"urlTemplate\":\"https:\\\/\\\/sepp-jeux.fr\\\/en\\\/?s={search_term_string}\"},\"query-input\":{\"@type\":\"PropertyValueSpecification\",\"valueRequired\":true,\"valueName\":\"search_term_string\"}}],\"inLanguage\":\"en-US\"},{\"@type\":\"Organization\",\"@id\":\"https:\\\/\\\/sepp-jeux.fr\\\/en\\\/#organization\",\"name\":\"SEPP Jeux\",\"url\":\"https:\\\/\\\/sepp-jeux.fr\\\/en\\\/\",\"logo\":{\"@type\":\"ImageObject\",\"inLanguage\":\"en-US\",\"@id\":\"https:\\\/\\\/sepp-jeux.fr\\\/en\\\/#\\\/schema\\\/logo\\\/image\\\/\",\"url\":\"https:\\\/\\\/sepp-jeux.fr\\\/wp-content\\\/uploads\\\/2020\\\/03\\\/Logotype_Couleurs.png\",\"contentUrl\":\"https:\\\/\\\/sepp-jeux.fr\\\/wp-content\\\/uploads\\\/2020\\\/03\\\/Logotype_Couleurs.png\",\"width\":3126,\"height\":3125,\"caption\":\"SEPP Jeux\"},\"image\":{\"@id\":\"https:\\\/\\\/sepp-jeux.fr\\\/en\\\/#\\\/schema\\\/logo\\\/image\\\/\"},\"sameAs\":[\"https:\\\/\\\/www.facebook.com\\\/SEPPJeux\\\/\",\"https:\\\/\\\/www.instagram.com\\\/seppjeux\",\"https:\\\/\\\/www.linkedin.com\\\/company\\\/sepp-inc\\\/\",\"https:\\\/\\\/www.youtube.com\\\/channel\\\/UCU-BolRtw4LBnzZz_Jd6UYQ\"]}]}<\/script>\n<!-- \/ Yoast SEO plugin. -->","yoast_head_json":{"title":"iOTOBO Jeu de voyage \u00c9cureuil &#8211; SEPP Jeux &#8211; Fabriqu\u00e9 en France","description":"Un jeu de voyage \u00c9cureuil avec les 3 formes du iOTOBO. Pratique gr\u00e2ce \u00e0 sa bo\u00eete m\u00e9tallique qui sert \u00e9galement de support de jeu.","robots":{"index":"index","follow":"follow","max-snippet":"max-snippet:-1","max-image-preview":"max-image-preview:large","max-video-preview":"max-video-preview:-1"},"canonical":"https:\/\/sepp-jeux.fr\/en\/games\/general-public\/iotobo-classic-en\/iotobo-travel-squirrel\/","og_locale":"en_US","og_type":"article","og_title":"iOTOBO Jeu de voyage \u00c9cureuil &#8211; SEPP Jeux &#8211; Fabriqu\u00e9 en France","og_description":"Un jeu de voyage \u00c9cureuil avec les 3 formes du iOTOBO. Pratique gr\u00e2ce \u00e0 sa bo\u00eete m\u00e9tallique qui sert \u00e9galement de support de jeu.","og_url":"https:\/\/sepp-jeux.fr\/en\/games\/general-public\/iotobo-classic-en\/iotobo-travel-squirrel\/","og_site_name":"SEPP Jeux","article_publisher":"https:\/\/www.facebook.com\/SEPPJeux\/","og_image":[{"width":2362,"height":1857,"url":"https:\/\/sepp-jeux.fr\/wp-content\/uploads\/2022\/04\/ITN-CDEC-web.jpg","type":"image\/jpeg"}],"twitter_card":"summary_large_image","schema":{"@context":"https:\/\/schema.org","@graph":[{"@type":"WebPage","@id":"https:\/\/sepp-jeux.fr\/en\/games\/general-public\/iotobo-classic-en\/iotobo-travel-squirrel\/","url":"https:\/\/sepp-jeux.fr\/en\/games\/general-public\/iotobo-classic-en\/iotobo-travel-squirrel\/","name":"iOTOBO Jeu de voyage \u00c9cureuil &#8211; SEPP Jeux &#8211; Fabriqu\u00e9 en France","isPartOf":{"@id":"https:\/\/sepp-jeux.fr\/en\/#website"},"primaryImageOfPage":{"@id":"https:\/\/sepp-jeux.fr\/en\/games\/general-public\/iotobo-classic-en\/iotobo-travel-squirrel\/#primaryimage"},"image":{"@id":"https:\/\/sepp-jeux.fr\/en\/games\/general-public\/iotobo-classic-en\/iotobo-travel-squirrel\/#primaryimage"},"thumbnailUrl":"https:\/\/sepp-jeux.fr\/wp-content\/uploads\/2022\/04\/ITN-CDEC-web.jpg","datePublished":"2022-04-19T13:41:07+00:00","description":"Un jeu de voyage \u00c9cureuil avec les 3 formes du iOTOBO. Pratique gr\u00e2ce \u00e0 sa bo\u00eete m\u00e9tallique qui sert \u00e9galement de support de jeu.","breadcrumb":{"@id":"https:\/\/sepp-jeux.fr\/en\/games\/general-public\/iotobo-classic-en\/iotobo-travel-squirrel\/#breadcrumb"},"inLanguage":"en-US","potentialAction":[{"@type":"ReadAction","target":["https:\/\/sepp-jeux.fr\/en\/games\/general-public\/iotobo-classic-en\/iotobo-travel-squirrel\/"]}]},{"@type":"ImageObject","inLanguage":"en-US","@id":"https:\/\/sepp-jeux.fr\/en\/games\/general-public\/iotobo-classic-en\/iotobo-travel-squirrel\/#primaryimage","url":"https:\/\/sepp-jeux.fr\/wp-content\/uploads\/2022\/04\/ITN-CDEC-web.jpg","contentUrl":"https:\/\/sepp-jeux.fr\/wp-content\/uploads\/2022\/04\/ITN-CDEC-web.jpg","width":2362,"height":1857,"caption":"Jeu magn\u00e9tique de voyage iOTOBO"},{"@type":"BreadcrumbList","@id":"https:\/\/sepp-jeux.fr\/en\/games\/general-public\/iotobo-classic-en\/iotobo-travel-squirrel\/#breadcrumb","itemListElement":[{"@type":"ListItem","position":1,"name":"Accueil","item":"https:\/\/sepp-jeux.fr\/en\/"},{"@type":"ListItem","position":2,"name":"Tous nos jeux","item":"https:\/\/sepp-jeux.fr\/nos-produits\/tous-nos-jeux\/"},{"@type":"ListItem","position":3,"name":"General public","item":"https:\/\/sepp-jeux.fr\/en\/line\/general-public\/"},{"@type":"ListItem","position":4,"name":"iOTOBO Travel Squirrel"}]},{"@type":"WebSite","@id":"https:\/\/sepp-jeux.fr\/en\/#website","url":"https:\/\/sepp-jeux.fr\/en\/","name":"SEPP Jeux","description":"\u00c9diteur et fabricant fran\u00e7ais de jeux magn\u00e9tiques et tableaux m\u00e9talliques","publisher":{"@id":"https:\/\/sepp-jeux.fr\/en\/#organization"},"potentialAction":[{"@type":"SearchAction","target":{"@type":"EntryPoint","urlTemplate":"https:\/\/sepp-jeux.fr\/en\/?s={search_term_string}"},"query-input":{"@type":"PropertyValueSpecification","valueRequired":true,"valueName":"search_term_string"}}],"inLanguage":"en-US"},{"@type":"Organization","@id":"https:\/\/sepp-jeux.fr\/en\/#organization","name":"SEPP Jeux","url":"https:\/\/sepp-jeux.fr\/en\/","logo":{"@type":"ImageObject","inLanguage":"en-US","@id":"https:\/\/sepp-jeux.fr\/en\/#\/schema\/logo\/image\/","url":"https:\/\/sepp-jeux.fr\/wp-content\/uploads\/2020\/03\/Logotype_Couleurs.png","contentUrl":"https:\/\/sepp-jeux.fr\/wp-content\/uploads\/2020\/03\/Logotype_Couleurs.png","width":3126,"height":3125,"caption":"SEPP Jeux"},"image":{"@id":"https:\/\/sepp-jeux.fr\/en\/#\/schema\/logo\/image\/"},"sameAs":["https:\/\/www.facebook.com\/SEPPJeux\/","https:\/\/www.instagram.com\/seppjeux","https:\/\/www.linkedin.com\/company\/sepp-inc\/","https:\/\/www.youtube.com\/channel\/UCU-BolRtw4LBnzZz_Jd6UYQ"]}]}},"_links":{"self":[{"href":"https:\/\/sepp-jeux.fr\/en\/wp-json\/wp\/v2\/product\/4075","targetHints":{"allow":["GET"]}}],"collection":[{"href":"https:\/\/sepp-jeux.fr\/en\/wp-json\/wp\/v2\/product"}],"about":[{"href":"https:\/\/sepp-jeux.fr\/en\/wp-json\/wp\/v2\/types\/product"}],"version-history":[{"count":0,"href":"https:\/\/sepp-jeux.fr\/en\/wp-json\/wp\/v2\/product\/4075\/revisions"}],"wp:featuredmedia":[{"embeddable":true,"href":"https:\/\/sepp-jeux.fr\/en\/wp-json\/wp\/v2\/media\/3216"}],"wp:attachment":[{"href":"https:\/\/sepp-jeux.fr\/en\/wp-json\/wp\/v2\/media?parent=4075"}],"wp:term":[{"taxonomy":"product_brand","embeddable":true,"href":"https:\/\/sepp-jeux.fr\/en\/wp-json\/wp\/v2\/product_brand?post=4075"},{"taxonomy":"product_cat","embeddable":true,"href":"https:\/\/sepp-jeux.fr\/en\/wp-json\/wp\/v2\/product_cat?post=4075"},{"taxonomy":"product_tag","embeddable":true,"href":"https:\/\/sepp-jeux.fr\/en\/wp-json\/wp\/v2\/product_tag?post=4075"},{"taxonomy":"age","embeddable":true,"href":"https:\/\/sepp-jeux.fr\/en\/wp-json\/wp\/v2\/age?post=4075"},{"taxonomy":"player","embeddable":true,"href":"https:\/\/sepp-jeux.fr\/en\/wp-json\/wp\/v2\/player?post=4075"}],"curies":[{"name":"wp","href":"https:\/\/api.w.org\/{rel}","templated":true}]}}