{"id":4091,"date":"2021-05-03T10:58:47","date_gmt":"2021-05-03T08:58:47","guid":{"rendered":"https:\/\/sepp-jeux.fr\/jeux\/uncategorized\/iotobo-school-mandala\/"},"modified":"2024-03-26T09:18:10","modified_gmt":"2024-03-26T08:18:10","slug":"iotobo-school-mandala","status":"publish","type":"product","link":"https:\/\/sepp-jeux.fr\/en\/games\/school\/classroom-workshops\/iotobo-school-mandala\/","title":{"rendered":"iOTOBO School Mandala"},"content":{"rendered":"<p>iOTOBO Mandala est un atelier p\u00e9dagogique pour 6 enfants en simultan\u00e9.<\/p>\n<p>Ce jeu se compose de 360 pi\u00e8ces en mousse magn\u00e9tique de 6 couleurs diff\u00e9rentes et de 6 tableaux ferreux.<\/p>\n<p>Un fichier de 16 pages r\u00e9unissant 3 niveaux de difficult\u00e9 permet d&#8217;aborder cette activit\u00e9 en toute s\u00e9r\u00e9nit\u00e9 :<\/p>\n<p>Le niveau 1 se joue avec 3 couleurs, le rep\u00e9rage des couleurs se fait par un symbole.<\/p>\n<p>Au niveau 2, le rep\u00e9rage des couleurs se fait par un chiffre.<\/p>\n<p>Quant au niveau 3, il se joue avec 2 couleurs. Les mod\u00e8les ne sont plus \u00e0 l&#8217;\u00e9chelle et les variantes color\u00e9es plus nombreuses.<\/p>\n<p>&nbsp;<\/p>\n","protected":false},"excerpt":{"rendered":"<p>iOTOBO Mandala est un atelier p\u00e9dagogique pour 6 enfants en simultan\u00e9.<\/p>\n<p>Les Mandalas contribuent \u00e0 appr\u00e9cier sym\u00e9trie, harmonie et patience. Ce jeu minimaliste offre de multiples combinaisons color\u00e9es et significatives.<\/p>\n<p>iOTOBO favorise \u00e9galement la motricit\u00e9 fine et la visualisation des formes dans l&#8217;espace.<\/p>\n<p>De 3 \u00e0 7 ans.<\/p>\n<p>Fabriqu\u00e9 en France.<\/p>\n","protected":false},"featured_media":2761,"template":"","meta":[],"product_brand":[],"product_cat":[219,221],"product_tag":[307,294,299,295,300,296,292],"age":[384],"player":[266],"class_list":{"0":"post-4091","1":"product","2":"type-product","3":"status-publish","4":"has-post-thumbnail","6":"product_cat-school","7":"product_cat-classroom-workshops","8":"product_tag-educative-game","9":"product_tag-iotobo-en","10":"product_tag-made-in-france-en","11":"product_tag-magnetic-game","12":"product_tag-mandala-en","13":"product_tag-mosaic-game","14":"product_tag-school","15":"age-3-7","16":"player-6-players","18":"first","19":"instock","20":"sold-individually","21":"shipping-taxable","22":"product-type-simple"},"yoast_head":"<!-- This site is optimized with the Yoast SEO plugin v27.5 - https:\/\/yoast.com\/product\/yoast-seo-wordpress\/ -->\n<title>iOTOBO School Mandala &#8211; SEPP Jeux &#8211; \u00c9diteur et fabricant fran\u00e7ais de jeux magn\u00e9tiques et tableaux m\u00e9talliques<\/title>\n<meta name=\"description\" content=\"iOTOBO School Mandala, a magnetic workshop for 6 children.\" \/>\n<meta name=\"robots\" content=\"index, follow, max-snippet:-1, max-image-preview:large, max-video-preview:-1\" \/>\n<link rel=\"canonical\" href=\"https:\/\/sepp-jeux.fr\/en\/games\/school\/classroom-workshops\/iotobo-school-mandala\/\" \/>\n<meta property=\"og:locale\" content=\"en_US\" \/>\n<meta property=\"og:type\" content=\"article\" \/>\n<meta property=\"og:title\" content=\"iOTOBO School Mandala &#8211; SEPP Jeux &#8211; \u00c9diteur et fabricant fran\u00e7ais de jeux magn\u00e9tiques et tableaux m\u00e9talliques\" \/>\n<meta property=\"og:description\" content=\"iOTOBO School Mandala, a magnetic workshop for 6 children.\" \/>\n<meta property=\"og:url\" content=\"https:\/\/sepp-jeux.fr\/en\/games\/school\/classroom-workshops\/iotobo-school-mandala\/\" \/>\n<meta property=\"og:site_name\" content=\"SEPP Jeux\" \/>\n<meta property=\"article:publisher\" content=\"https:\/\/www.facebook.com\/SEPPJeux\/\" \/>\n<meta property=\"article:modified_time\" content=\"2024-03-26T08:18:10+00:00\" \/>\n<meta property=\"og:image\" content=\"https:\/\/sepp-jeux.fr\/wp-content\/uploads\/2021\/05\/ITBMDLSCO-in-situ-et-plus-scaled.jpg\" \/>\n\t<meta property=\"og:image:width\" content=\"2560\" \/>\n\t<meta property=\"og:image:height\" content=\"1150\" \/>\n\t<meta property=\"og:image:type\" content=\"image\/jpeg\" \/>\n<meta name=\"twitter:card\" content=\"summary_large_image\" \/>\n<meta name=\"twitter:label1\" content=\"Est. reading time\" \/>\n\t<meta name=\"twitter:data1\" content=\"1 minute\" \/>\n<script type=\"application\/ld+json\" class=\"yoast-schema-graph\">{\"@context\":\"https:\\\/\\\/schema.org\",\"@graph\":[{\"@type\":\"WebPage\",\"@id\":\"https:\\\/\\\/sepp-jeux.fr\\\/en\\\/games\\\/school\\\/classroom-workshops\\\/iotobo-school-mandala\\\/\",\"url\":\"https:\\\/\\\/sepp-jeux.fr\\\/en\\\/games\\\/school\\\/classroom-workshops\\\/iotobo-school-mandala\\\/\",\"name\":\"iOTOBO School Mandala &#8211; SEPP Jeux &#8211; \u00c9diteur et fabricant fran\u00e7ais de jeux magn\u00e9tiques et tableaux m\u00e9talliques\",\"isPartOf\":{\"@id\":\"https:\\\/\\\/sepp-jeux.fr\\\/en\\\/#website\"},\"primaryImageOfPage\":{\"@id\":\"https:\\\/\\\/sepp-jeux.fr\\\/en\\\/games\\\/school\\\/classroom-workshops\\\/iotobo-school-mandala\\\/#primaryimage\"},\"image\":{\"@id\":\"https:\\\/\\\/sepp-jeux.fr\\\/en\\\/games\\\/school\\\/classroom-workshops\\\/iotobo-school-mandala\\\/#primaryimage\"},\"thumbnailUrl\":\"https:\\\/\\\/sepp-jeux.fr\\\/wp-content\\\/uploads\\\/2021\\\/05\\\/ITBMDLSCO-in-situ-et-plus-scaled.jpg\",\"datePublished\":\"2021-05-03T08:58:47+00:00\",\"dateModified\":\"2024-03-26T08:18:10+00:00\",\"description\":\"iOTOBO School Mandala, a magnetic workshop for 6 children.\",\"breadcrumb\":{\"@id\":\"https:\\\/\\\/sepp-jeux.fr\\\/en\\\/games\\\/school\\\/classroom-workshops\\\/iotobo-school-mandala\\\/#breadcrumb\"},\"inLanguage\":\"en-US\",\"potentialAction\":[{\"@type\":\"ReadAction\",\"target\":[\"https:\\\/\\\/sepp-jeux.fr\\\/en\\\/games\\\/school\\\/classroom-workshops\\\/iotobo-school-mandala\\\/\"]}]},{\"@type\":\"ImageObject\",\"inLanguage\":\"en-US\",\"@id\":\"https:\\\/\\\/sepp-jeux.fr\\\/en\\\/games\\\/school\\\/classroom-workshops\\\/iotobo-school-mandala\\\/#primaryimage\",\"url\":\"https:\\\/\\\/sepp-jeux.fr\\\/wp-content\\\/uploads\\\/2021\\\/05\\\/ITBMDLSCO-in-situ-et-plus-scaled.jpg\",\"contentUrl\":\"https:\\\/\\\/sepp-jeux.fr\\\/wp-content\\\/uploads\\\/2021\\\/05\\\/ITBMDLSCO-in-situ-et-plus-scaled.jpg\",\"width\":2560,\"height\":1150},{\"@type\":\"BreadcrumbList\",\"@id\":\"https:\\\/\\\/sepp-jeux.fr\\\/en\\\/games\\\/school\\\/classroom-workshops\\\/iotobo-school-mandala\\\/#breadcrumb\",\"itemListElement\":[{\"@type\":\"ListItem\",\"position\":1,\"name\":\"Accueil\",\"item\":\"https:\\\/\\\/sepp-jeux.fr\\\/en\\\/\"},{\"@type\":\"ListItem\",\"position\":2,\"name\":\"Tous nos jeux\",\"item\":\"https:\\\/\\\/sepp-jeux.fr\\\/nos-produits\\\/tous-nos-jeux\\\/\"},{\"@type\":\"ListItem\",\"position\":3,\"name\":\"School line\",\"item\":\"https:\\\/\\\/sepp-jeux.fr\\\/en\\\/line\\\/school\\\/\"},{\"@type\":\"ListItem\",\"position\":4,\"name\":\"iOTOBO School Mandala\"}]},{\"@type\":\"WebSite\",\"@id\":\"https:\\\/\\\/sepp-jeux.fr\\\/en\\\/#website\",\"url\":\"https:\\\/\\\/sepp-jeux.fr\\\/en\\\/\",\"name\":\"SEPP Jeux\",\"description\":\"\u00c9diteur et fabricant fran\u00e7ais de jeux magn\u00e9tiques et tableaux m\u00e9talliques\",\"publisher\":{\"@id\":\"https:\\\/\\\/sepp-jeux.fr\\\/en\\\/#organization\"},\"potentialAction\":[{\"@type\":\"SearchAction\",\"target\":{\"@type\":\"EntryPoint\",\"urlTemplate\":\"https:\\\/\\\/sepp-jeux.fr\\\/en\\\/?s={search_term_string}\"},\"query-input\":{\"@type\":\"PropertyValueSpecification\",\"valueRequired\":true,\"valueName\":\"search_term_string\"}}],\"inLanguage\":\"en-US\"},{\"@type\":\"Organization\",\"@id\":\"https:\\\/\\\/sepp-jeux.fr\\\/en\\\/#organization\",\"name\":\"SEPP Jeux\",\"url\":\"https:\\\/\\\/sepp-jeux.fr\\\/en\\\/\",\"logo\":{\"@type\":\"ImageObject\",\"inLanguage\":\"en-US\",\"@id\":\"https:\\\/\\\/sepp-jeux.fr\\\/en\\\/#\\\/schema\\\/logo\\\/image\\\/\",\"url\":\"https:\\\/\\\/sepp-jeux.fr\\\/wp-content\\\/uploads\\\/2020\\\/03\\\/Logotype_Couleurs.png\",\"contentUrl\":\"https:\\\/\\\/sepp-jeux.fr\\\/wp-content\\\/uploads\\\/2020\\\/03\\\/Logotype_Couleurs.png\",\"width\":3126,\"height\":3125,\"caption\":\"SEPP Jeux\"},\"image\":{\"@id\":\"https:\\\/\\\/sepp-jeux.fr\\\/en\\\/#\\\/schema\\\/logo\\\/image\\\/\"},\"sameAs\":[\"https:\\\/\\\/www.facebook.com\\\/SEPPJeux\\\/\",\"https:\\\/\\\/www.instagram.com\\\/seppjeux\",\"https:\\\/\\\/www.linkedin.com\\\/company\\\/sepp-inc\\\/\",\"https:\\\/\\\/www.youtube.com\\\/channel\\\/UCU-BolRtw4LBnzZz_Jd6UYQ\"]}]}<\/script>\n<!-- \/ Yoast SEO plugin. -->","yoast_head_json":{"title":"iOTOBO School Mandala &#8211; SEPP Jeux &#8211; \u00c9diteur et fabricant fran\u00e7ais de jeux magn\u00e9tiques et tableaux m\u00e9talliques","description":"iOTOBO School Mandala, a magnetic workshop for 6 children.","robots":{"index":"index","follow":"follow","max-snippet":"max-snippet:-1","max-image-preview":"max-image-preview:large","max-video-preview":"max-video-preview:-1"},"canonical":"https:\/\/sepp-jeux.fr\/en\/games\/school\/classroom-workshops\/iotobo-school-mandala\/","og_locale":"en_US","og_type":"article","og_title":"iOTOBO School Mandala &#8211; SEPP Jeux &#8211; \u00c9diteur et fabricant fran\u00e7ais de jeux magn\u00e9tiques et tableaux m\u00e9talliques","og_description":"iOTOBO School Mandala, a magnetic workshop for 6 children.","og_url":"https:\/\/sepp-jeux.fr\/en\/games\/school\/classroom-workshops\/iotobo-school-mandala\/","og_site_name":"SEPP Jeux","article_publisher":"https:\/\/www.facebook.com\/SEPPJeux\/","article_modified_time":"2024-03-26T08:18:10+00:00","og_image":[{"width":2560,"height":1150,"url":"https:\/\/sepp-jeux.fr\/wp-content\/uploads\/2021\/05\/ITBMDLSCO-in-situ-et-plus-scaled.jpg","type":"image\/jpeg"}],"twitter_card":"summary_large_image","twitter_misc":{"Est. reading time":"1 minute"},"schema":{"@context":"https:\/\/schema.org","@graph":[{"@type":"WebPage","@id":"https:\/\/sepp-jeux.fr\/en\/games\/school\/classroom-workshops\/iotobo-school-mandala\/","url":"https:\/\/sepp-jeux.fr\/en\/games\/school\/classroom-workshops\/iotobo-school-mandala\/","name":"iOTOBO School Mandala &#8211; SEPP Jeux &#8211; \u00c9diteur et fabricant fran\u00e7ais de jeux magn\u00e9tiques et tableaux m\u00e9talliques","isPartOf":{"@id":"https:\/\/sepp-jeux.fr\/en\/#website"},"primaryImageOfPage":{"@id":"https:\/\/sepp-jeux.fr\/en\/games\/school\/classroom-workshops\/iotobo-school-mandala\/#primaryimage"},"image":{"@id":"https:\/\/sepp-jeux.fr\/en\/games\/school\/classroom-workshops\/iotobo-school-mandala\/#primaryimage"},"thumbnailUrl":"https:\/\/sepp-jeux.fr\/wp-content\/uploads\/2021\/05\/ITBMDLSCO-in-situ-et-plus-scaled.jpg","datePublished":"2021-05-03T08:58:47+00:00","dateModified":"2024-03-26T08:18:10+00:00","description":"iOTOBO School Mandala, a magnetic workshop for 6 children.","breadcrumb":{"@id":"https:\/\/sepp-jeux.fr\/en\/games\/school\/classroom-workshops\/iotobo-school-mandala\/#breadcrumb"},"inLanguage":"en-US","potentialAction":[{"@type":"ReadAction","target":["https:\/\/sepp-jeux.fr\/en\/games\/school\/classroom-workshops\/iotobo-school-mandala\/"]}]},{"@type":"ImageObject","inLanguage":"en-US","@id":"https:\/\/sepp-jeux.fr\/en\/games\/school\/classroom-workshops\/iotobo-school-mandala\/#primaryimage","url":"https:\/\/sepp-jeux.fr\/wp-content\/uploads\/2021\/05\/ITBMDLSCO-in-situ-et-plus-scaled.jpg","contentUrl":"https:\/\/sepp-jeux.fr\/wp-content\/uploads\/2021\/05\/ITBMDLSCO-in-situ-et-plus-scaled.jpg","width":2560,"height":1150},{"@type":"BreadcrumbList","@id":"https:\/\/sepp-jeux.fr\/en\/games\/school\/classroom-workshops\/iotobo-school-mandala\/#breadcrumb","itemListElement":[{"@type":"ListItem","position":1,"name":"Accueil","item":"https:\/\/sepp-jeux.fr\/en\/"},{"@type":"ListItem","position":2,"name":"Tous nos jeux","item":"https:\/\/sepp-jeux.fr\/nos-produits\/tous-nos-jeux\/"},{"@type":"ListItem","position":3,"name":"School line","item":"https:\/\/sepp-jeux.fr\/en\/line\/school\/"},{"@type":"ListItem","position":4,"name":"iOTOBO School Mandala"}]},{"@type":"WebSite","@id":"https:\/\/sepp-jeux.fr\/en\/#website","url":"https:\/\/sepp-jeux.fr\/en\/","name":"SEPP Jeux","description":"\u00c9diteur et fabricant fran\u00e7ais de jeux magn\u00e9tiques et tableaux m\u00e9talliques","publisher":{"@id":"https:\/\/sepp-jeux.fr\/en\/#organization"},"potentialAction":[{"@type":"SearchAction","target":{"@type":"EntryPoint","urlTemplate":"https:\/\/sepp-jeux.fr\/en\/?s={search_term_string}"},"query-input":{"@type":"PropertyValueSpecification","valueRequired":true,"valueName":"search_term_string"}}],"inLanguage":"en-US"},{"@type":"Organization","@id":"https:\/\/sepp-jeux.fr\/en\/#organization","name":"SEPP Jeux","url":"https:\/\/sepp-jeux.fr\/en\/","logo":{"@type":"ImageObject","inLanguage":"en-US","@id":"https:\/\/sepp-jeux.fr\/en\/#\/schema\/logo\/image\/","url":"https:\/\/sepp-jeux.fr\/wp-content\/uploads\/2020\/03\/Logotype_Couleurs.png","contentUrl":"https:\/\/sepp-jeux.fr\/wp-content\/uploads\/2020\/03\/Logotype_Couleurs.png","width":3126,"height":3125,"caption":"SEPP Jeux"},"image":{"@id":"https:\/\/sepp-jeux.fr\/en\/#\/schema\/logo\/image\/"},"sameAs":["https:\/\/www.facebook.com\/SEPPJeux\/","https:\/\/www.instagram.com\/seppjeux","https:\/\/www.linkedin.com\/company\/sepp-inc\/","https:\/\/www.youtube.com\/channel\/UCU-BolRtw4LBnzZz_Jd6UYQ"]}]}},"_links":{"self":[{"href":"https:\/\/sepp-jeux.fr\/en\/wp-json\/wp\/v2\/product\/4091","targetHints":{"allow":["GET"]}}],"collection":[{"href":"https:\/\/sepp-jeux.fr\/en\/wp-json\/wp\/v2\/product"}],"about":[{"href":"https:\/\/sepp-jeux.fr\/en\/wp-json\/wp\/v2\/types\/product"}],"version-history":[{"count":1,"href":"https:\/\/sepp-jeux.fr\/en\/wp-json\/wp\/v2\/product\/4091\/revisions"}],"predecessor-version":[{"id":4092,"href":"https:\/\/sepp-jeux.fr\/en\/wp-json\/wp\/v2\/product\/4091\/revisions\/4092"}],"wp:featuredmedia":[{"embeddable":true,"href":"https:\/\/sepp-jeux.fr\/en\/wp-json\/wp\/v2\/media\/2761"}],"wp:attachment":[{"href":"https:\/\/sepp-jeux.fr\/en\/wp-json\/wp\/v2\/media?parent=4091"}],"wp:term":[{"taxonomy":"product_brand","embeddable":true,"href":"https:\/\/sepp-jeux.fr\/en\/wp-json\/wp\/v2\/product_brand?post=4091"},{"taxonomy":"product_cat","embeddable":true,"href":"https:\/\/sepp-jeux.fr\/en\/wp-json\/wp\/v2\/product_cat?post=4091"},{"taxonomy":"product_tag","embeddable":true,"href":"https:\/\/sepp-jeux.fr\/en\/wp-json\/wp\/v2\/product_tag?post=4091"},{"taxonomy":"age","embeddable":true,"href":"https:\/\/sepp-jeux.fr\/en\/wp-json\/wp\/v2\/age?post=4091"},{"taxonomy":"player","embeddable":true,"href":"https:\/\/sepp-jeux.fr\/en\/wp-json\/wp\/v2\/player?post=4091"}],"curies":[{"name":"wp","href":"https:\/\/api.w.org\/{rel}","templated":true}]}}